{"id":188135,"date":"2022-05-12T11:37:53","date_gmt":"2022-05-12T16:37:53","guid":{"rendered":"https:\/\/website.dev.stmtires.com\/shop\/sin categor\u00eda\/445-95r25-x-crane-en\/"},"modified":"2022-05-12T11:37:53","modified_gmt":"2022-05-12T16:37:53","slug":"445-95r25-x-crane-at-2","status":"publish","type":"product","link":"https:\/\/stmtires.com\/es\/shop\/michelin-es\/445-95r25-x-crane-at-2\/","title":{"rendered":"445\/95R25 X-CRANE EN"},"content":{"rendered":"<p>Neum\u00e1tico de movimiento de tierras radial OTR \/ Construcci\u00f3n adecuado para gr\u00faas m\u00f3viles de alta velocidad en aplicaciones exigentes dentro y fuera de la carretera.<\/p>\n","protected":false},"excerpt":{"rendered":"<p>Neum\u00e1tico de movimiento de tierras radial OTR \/ Construcci\u00f3n adecuado para gr\u00faas m\u00f3viles de alta velocidad en aplicaciones exigentes dentro y fuera de la carretera.<\/p>\n","protected":false},"featured_media":0,"comment_status":"open","ping_status":"closed","template":"","meta":{"_acf_changed":false,"subheading":[]},"product_model":[25608],"product_brand":[15734],"product_cat":[19309,19253],"product_tag":[],"class_list":{"0":"post-188135","1":"product","2":"type-product","3":"status-publish","5":"product_model-x-crane-at-es","6":"product_brand-michelin-es","7":"product_cat-otr-construccion","8":"product_cat-uncategorized","9":"pa_tire-size-445-95r25-es","11":"first","12":"instock","13":"shipping-taxable","14":"purchasable","15":"product-type-simple"},"acf":[],"_links":{"self":[{"href":"https:\/\/stmtires.com\/es\/wp-json\/wp\/v2\/product\/188135","targetHints":{"allow":["GET"]}}],"collection":[{"href":"https:\/\/stmtires.com\/es\/wp-json\/wp\/v2\/product"}],"about":[{"href":"https:\/\/stmtires.com\/es\/wp-json\/wp\/v2\/types\/product"}],"replies":[{"embeddable":true,"href":"https:\/\/stmtires.com\/es\/wp-json\/wp\/v2\/comments?post=188135"}],"wp:attachment":[{"href":"https:\/\/stmtires.com\/es\/wp-json\/wp\/v2\/media?parent=188135"}],"wp:term":[{"taxonomy":"product_model","embeddable":true,"href":"https:\/\/stmtires.com\/es\/wp-json\/wp\/v2\/product_model?post=188135"},{"taxonomy":"product_brand","embeddable":true,"href":"https:\/\/stmtires.com\/es\/wp-json\/wp\/v2\/product_brand?post=188135"},{"taxonomy":"product_cat","embeddable":true,"href":"https:\/\/stmtires.com\/es\/wp-json\/wp\/v2\/product_cat?post=188135"},{"taxonomy":"product_tag","embeddable":true,"href":"https:\/\/stmtires.com\/es\/wp-json\/wp\/v2\/product_tag?post=188135"}],"curies":[{"name":"wp","href":"https:\/\/api.w.org\/{rel}","templated":true}]}}