{"id":188203,"date":"2022-05-12T11:52:51","date_gmt":"2022-05-12T16:52:51","guid":{"rendered":"https:\/\/website.dev.stmtires.com\/shop\/sin categor\u00eda\/445-50r22-5-xda-ht-alto-par\/"},"modified":"2022-05-12T11:52:51","modified_gmt":"2022-05-12T16:52:51","slug":"445-50r22-5-xda-ht-alto-par","status":"publish","type":"product","link":"https:\/\/stmtires.com\/es\/shop\/michelin-es\/445-50r22-5-xda-ht-alto-par\/","title":{"rendered":"445\/50R22.5 XDA-HT ALTO PAR"},"content":{"rendered":"<p>Cami\u00f3n\/Autob\u00fas Comercial. Posici\u00f3n de accionamiento de cami\u00f3n de servicio medio Neum\u00e1tico recauchutado de alto par premoldeado para individuales de base ancha y optimizado para aplicaciones regionales y de transporte de l\u00ednea.<\/p>\n","protected":false},"excerpt":{"rendered":"<p>Cami\u00f3n\/Autob\u00fas Comercial. Posici\u00f3n de accionamiento de cami\u00f3n de servicio medio Neum\u00e1tico recauchutado de alto par premoldeado para individuales de base ancha y optimizado para aplicaciones regionales y de transporte de l\u00ednea.<\/p>\n","protected":false},"featured_media":0,"comment_status":"open","ping_status":"closed","template":"","meta":{"_acf_changed":false,"subheading":[]},"product_model":[22377],"product_brand":[15734],"product_cat":[19288,19253],"product_tag":[],"class_list":{"0":"post-188203","1":"product","2":"type-product","3":"status-publish","5":"product_model-xda-ht-high-torque-pre-mold-retread-es-2","6":"product_brand-michelin-es","7":"product_cat-conducir","8":"product_cat-uncategorized","9":"pa_tire-size-445-50r22-5-es","11":"first","12":"instock","13":"shipping-taxable","14":"purchasable","15":"product-type-simple"},"acf":[],"_links":{"self":[{"href":"https:\/\/stmtires.com\/es\/wp-json\/wp\/v2\/product\/188203","targetHints":{"allow":["GET"]}}],"collection":[{"href":"https:\/\/stmtires.com\/es\/wp-json\/wp\/v2\/product"}],"about":[{"href":"https:\/\/stmtires.com\/es\/wp-json\/wp\/v2\/types\/product"}],"replies":[{"embeddable":true,"href":"https:\/\/stmtires.com\/es\/wp-json\/wp\/v2\/comments?post=188203"}],"wp:attachment":[{"href":"https:\/\/stmtires.com\/es\/wp-json\/wp\/v2\/media?parent=188203"}],"wp:term":[{"taxonomy":"product_model","embeddable":true,"href":"https:\/\/stmtires.com\/es\/wp-json\/wp\/v2\/product_model?post=188203"},{"taxonomy":"product_brand","embeddable":true,"href":"https:\/\/stmtires.com\/es\/wp-json\/wp\/v2\/product_brand?post=188203"},{"taxonomy":"product_cat","embeddable":true,"href":"https:\/\/stmtires.com\/es\/wp-json\/wp\/v2\/product_cat?post=188203"},{"taxonomy":"product_tag","embeddable":true,"href":"https:\/\/stmtires.com\/es\/wp-json\/wp\/v2\/product_tag?post=188203"}],"curies":[{"name":"wp","href":"https:\/\/api.w.org\/{rel}","templated":true}]}}