{"id":188229,"date":"2022-05-12T15:52:08","date_gmt":"2022-05-12T20:52:08","guid":{"rendered":"https:\/\/website.dev.stmtires.com\/shop\/sin categor\u00eda\/445-65r19-5-j-m857\/"},"modified":"2022-05-12T15:52:08","modified_gmt":"2022-05-12T20:52:08","slug":"445-65r19-5-j-m857-2","status":"publish","type":"product","link":"https:\/\/stmtires.com\/es\/shop\/bridgestone-es\/445-65r19-5-j-m857-2\/","title":{"rendered":"445\/65R19.5 J M857"},"content":{"rendered":"<p>Cami\u00f3n\/Autob\u00fas Comercial. Cami\u00f3n de servicio mediano On \/ Off Highway Neum\u00e1tico radial de todas las posiciones dise\u00f1ado para su uso en camiones de volteo, plataformas de registro y veh\u00edculos de basura.<\/p>\n","protected":false},"excerpt":{"rendered":"<p>Cami\u00f3n\/Autob\u00fas Comercial. Cami\u00f3n de servicio mediano On \/ Off Highway Neum\u00e1tico radial de todas las posiciones dise\u00f1ado para su uso en camiones de volteo, plataformas de registro y veh\u00edculos de basura.<\/p>\n","protected":false},"featured_media":0,"comment_status":"open","ping_status":"closed","template":"","meta":{"_acf_changed":false,"subheading":[]},"product_model":[22953],"product_brand":[],"product_cat":[19286,19289,19287,19301,19316,19253],"product_tag":[],"class_list":{"0":"post-188229","1":"product","2":"type-product","3":"status-publish","5":"product_model-m857-es","6":"product_cat-camion-autobus-comercial","7":"product_cat-radial-es","8":"product_cat-servicio-de-autopistas","9":"product_cat-servicio-on-off-highway","10":"product_cat-todas-las-posiciones","11":"product_cat-uncategorized","12":"pa_tire-size-445-65r19-5-es","14":"first","15":"instock","16":"shipping-taxable","17":"purchasable","18":"product-type-simple"},"acf":[],"_links":{"self":[{"href":"https:\/\/stmtires.com\/es\/wp-json\/wp\/v2\/product\/188229","targetHints":{"allow":["GET"]}}],"collection":[{"href":"https:\/\/stmtires.com\/es\/wp-json\/wp\/v2\/product"}],"about":[{"href":"https:\/\/stmtires.com\/es\/wp-json\/wp\/v2\/types\/product"}],"replies":[{"embeddable":true,"href":"https:\/\/stmtires.com\/es\/wp-json\/wp\/v2\/comments?post=188229"}],"wp:attachment":[{"href":"https:\/\/stmtires.com\/es\/wp-json\/wp\/v2\/media?parent=188229"}],"wp:term":[{"taxonomy":"product_model","embeddable":true,"href":"https:\/\/stmtires.com\/es\/wp-json\/wp\/v2\/product_model?post=188229"},{"taxonomy":"product_brand","embeddable":true,"href":"https:\/\/stmtires.com\/es\/wp-json\/wp\/v2\/product_brand?post=188229"},{"taxonomy":"product_cat","embeddable":true,"href":"https:\/\/stmtires.com\/es\/wp-json\/wp\/v2\/product_cat?post=188229"},{"taxonomy":"product_tag","embeddable":true,"href":"https:\/\/stmtires.com\/es\/wp-json\/wp\/v2\/product_tag?post=188229"}],"curies":[{"name":"wp","href":"https:\/\/api.w.org\/{rel}","templated":true}]}}