{"id":188250,"date":"2022-05-12T11:36:18","date_gmt":"2022-05-12T16:36:18","guid":{"rendered":"https:\/\/website.dev.stmtires.com\/shop\/sin categor\u00eda\/base-ancha-445-65r22-5-l-xte2\/"},"modified":"2022-05-12T11:36:18","modified_gmt":"2022-05-12T16:36:18","slug":"445-65r22-5-l-xte2-wide-base-2","status":"publish","type":"product","link":"https:\/\/stmtires.com\/es\/shop\/michelin-es\/445-65r22-5-l-xte2-wide-base-2\/","title":{"rendered":"BASE ANCHA 445\/65R22.5 L XTE2"},"content":{"rendered":"<p>Cami\u00f3n\/Autob\u00fas Comercial. Cami\u00f3n de servicio mediano De posici\u00f3n en las ruedas Neum\u00e1tico radial de base ancha Dise\u00f1ado para ofrecer un alto kilometraje y un viaje silencioso en aplicaciones pesadas del eje delantero.<\/p>\n","protected":false},"excerpt":{"rendered":"<p>Cami\u00f3n\/Autob\u00fas Comercial. Cami\u00f3n de servicio mediano De posici\u00f3n en las ruedas Neum\u00e1tico radial de base ancha Dise\u00f1ado para ofrecer un alto kilometraje y un viaje silencioso en aplicaciones pesadas del eje delantero.<\/p>\n","protected":false},"featured_media":225413,"comment_status":"open","ping_status":"closed","template":"","meta":{"_acf_changed":false,"subheading":[]},"product_model":[25302],"product_brand":[15734],"product_cat":[19253],"product_tag":[],"class_list":{"0":"post-188250","1":"product","2":"type-product","3":"status-publish","4":"has-post-thumbnail","6":"product_model-xte2-wide-base-es","7":"product_brand-michelin-es","8":"product_cat-uncategorized","9":"pa_tire-size-445-65r22-5-es","11":"first","12":"instock","13":"shipping-taxable","14":"purchasable","15":"product-type-simple"},"acf":[],"_links":{"self":[{"href":"https:\/\/stmtires.com\/es\/wp-json\/wp\/v2\/product\/188250","targetHints":{"allow":["GET"]}}],"collection":[{"href":"https:\/\/stmtires.com\/es\/wp-json\/wp\/v2\/product"}],"about":[{"href":"https:\/\/stmtires.com\/es\/wp-json\/wp\/v2\/types\/product"}],"replies":[{"embeddable":true,"href":"https:\/\/stmtires.com\/es\/wp-json\/wp\/v2\/comments?post=188250"}],"wp:featuredmedia":[{"embeddable":true,"href":"https:\/\/stmtires.com\/es\/wp-json\/wp\/v2\/media\/225413"}],"wp:attachment":[{"href":"https:\/\/stmtires.com\/es\/wp-json\/wp\/v2\/media?parent=188250"}],"wp:term":[{"taxonomy":"product_model","embeddable":true,"href":"https:\/\/stmtires.com\/es\/wp-json\/wp\/v2\/product_model?post=188250"},{"taxonomy":"product_brand","embeddable":true,"href":"https:\/\/stmtires.com\/es\/wp-json\/wp\/v2\/product_brand?post=188250"},{"taxonomy":"product_cat","embeddable":true,"href":"https:\/\/stmtires.com\/es\/wp-json\/wp\/v2\/product_cat?post=188250"},{"taxonomy":"product_tag","embeddable":true,"href":"https:\/\/stmtires.com\/es\/wp-json\/wp\/v2\/product_tag?post=188250"}],"curies":[{"name":"wp","href":"https:\/\/api.w.org\/{rel}","templated":true}]}}