{"id":188251,"date":"2022-05-12T10:22:00","date_gmt":"2022-05-12T15:22:00","guid":{"rendered":"https:\/\/website.dev.stmtires.com\/shop\/sin categor\u00eda\/445-50r22-5-l-x-un-xta\/"},"modified":"2022-05-12T10:22:00","modified_gmt":"2022-05-12T15:22:00","slug":"445-50r22-5-l-x-one-xta-2","status":"publish","type":"product","link":"https:\/\/stmtires.com\/es\/shop\/michelin-es\/445-50r22-5-l-x-one-xta-2\/","title":{"rendered":"445\/50R22.5 L X UN XTA"},"content":{"rendered":"<p>Cami\u00f3n\/Autob\u00fas Comercial. SmartWay Verified Medium-Duty Truck Wide Base Trailer Position neum\u00e1tico dise\u00f1ado para reemplazar los duales en los accesorios de eje de remolque de larga distancia.<\/p>\n","protected":false},"excerpt":{"rendered":"<p>Cami\u00f3n\/Autob\u00fas Comercial. SmartWay Verified Medium-Duty Truck Wide Base Trailer Position neum\u00e1tico dise\u00f1ado para reemplazar los duales en los accesorios de eje de remolque de larga distancia.<\/p>\n","protected":false},"featured_media":224761,"comment_status":"open","ping_status":"closed","template":"","meta":{"_acf_changed":false,"subheading":[]},"product_model":[25325],"product_brand":[15734],"product_cat":[],"product_tag":[],"class_list":{"0":"post-188251","1":"product","2":"type-product","3":"status-publish","4":"has-post-thumbnail","6":"product_model-x-one-xta-es","7":"product_brand-michelin-es","8":"pa_tire-size-445-50r22-5-es","10":"first","11":"instock","12":"shipping-taxable","13":"purchasable","14":"product-type-simple"},"acf":[],"_links":{"self":[{"href":"https:\/\/stmtires.com\/es\/wp-json\/wp\/v2\/product\/188251","targetHints":{"allow":["GET"]}}],"collection":[{"href":"https:\/\/stmtires.com\/es\/wp-json\/wp\/v2\/product"}],"about":[{"href":"https:\/\/stmtires.com\/es\/wp-json\/wp\/v2\/types\/product"}],"replies":[{"embeddable":true,"href":"https:\/\/stmtires.com\/es\/wp-json\/wp\/v2\/comments?post=188251"}],"wp:featuredmedia":[{"embeddable":true,"href":"https:\/\/stmtires.com\/es\/wp-json\/wp\/v2\/media\/224761"}],"wp:attachment":[{"href":"https:\/\/stmtires.com\/es\/wp-json\/wp\/v2\/media?parent=188251"}],"wp:term":[{"taxonomy":"product_model","embeddable":true,"href":"https:\/\/stmtires.com\/es\/wp-json\/wp\/v2\/product_model?post=188251"},{"taxonomy":"product_brand","embeddable":true,"href":"https:\/\/stmtires.com\/es\/wp-json\/wp\/v2\/product_brand?post=188251"},{"taxonomy":"product_cat","embeddable":true,"href":"https:\/\/stmtires.com\/es\/wp-json\/wp\/v2\/product_cat?post=188251"},{"taxonomy":"product_tag","embeddable":true,"href":"https:\/\/stmtires.com\/es\/wp-json\/wp\/v2\/product_tag?post=188251"}],"curies":[{"name":"wp","href":"https:\/\/api.w.org\/{rel}","templated":true}]}}