{"id":188253,"date":"2022-05-12T16:10:36","date_gmt":"2022-05-12T21:10:36","guid":{"rendered":"https:\/\/website.dev.stmtires.com\/shop\/sin categor\u00eda\/445-50r22-5-l-doble-moneda-ft125\/"},"modified":"2022-05-12T16:10:36","modified_gmt":"2022-05-12T21:10:36","slug":"445-50r22-5-l-doble-moneda-ft125","status":"publish","type":"product","link":"https:\/\/stmtires.com\/es\/shop\/double-coin\/445-50r22-5-l-doble-moneda-ft125\/","title":{"rendered":"445\/50R22.5 L DOBLE MONEDA FT125"},"content":{"rendered":"<p>Cami\u00f3n\/Autob\u00fas Comercial. SmartWay Verified Medium-Duty Truck Super Wide Trailer-Position neum\u00e1tico. Parte de la serie OptiGreen de neum\u00e1ticos de baja resistencia a la rodadura.<\/p>\n","protected":false},"excerpt":{"rendered":"<p>Cami\u00f3n\/Autob\u00fas Comercial. SmartWay Verified Medium-Duty Truck Super Wide Trailer-Position neum\u00e1tico. Parte de la serie OptiGreen de neum\u00e1ticos de baja resistencia a la rodadura.<\/p>\n","protected":false},"featured_media":222760,"comment_status":"open","ping_status":"closed","template":"","meta":{"_acf_changed":false,"subheading":[]},"product_model":[25847],"product_brand":[103],"product_cat":[19286,19242,19336,16304,19323,19253],"product_tag":[],"class_list":{"0":"post-188253","1":"product","2":"type-product","3":"status-publish","4":"has-post-thumbnail","6":"product_model-double-coin-ft125-es","7":"product_brand-double-coin","8":"product_cat-camion-autobus-comercial","9":"product_cat-equipo-original-oe","10":"product_cat-posicion-del-remolque","11":"product_cat-smartway","12":"product_cat-smartway-en-ingles","13":"product_cat-uncategorized","14":"pa_tire-size-445-50r22-5-es","16":"first","17":"instock","18":"shipping-taxable","19":"purchasable","20":"product-type-simple"},"acf":[],"_links":{"self":[{"href":"https:\/\/stmtires.com\/es\/wp-json\/wp\/v2\/product\/188253","targetHints":{"allow":["GET"]}}],"collection":[{"href":"https:\/\/stmtires.com\/es\/wp-json\/wp\/v2\/product"}],"about":[{"href":"https:\/\/stmtires.com\/es\/wp-json\/wp\/v2\/types\/product"}],"replies":[{"embeddable":true,"href":"https:\/\/stmtires.com\/es\/wp-json\/wp\/v2\/comments?post=188253"}],"wp:featuredmedia":[{"embeddable":true,"href":"https:\/\/stmtires.com\/es\/wp-json\/wp\/v2\/media\/222760"}],"wp:attachment":[{"href":"https:\/\/stmtires.com\/es\/wp-json\/wp\/v2\/media?parent=188253"}],"wp:term":[{"taxonomy":"product_model","embeddable":true,"href":"https:\/\/stmtires.com\/es\/wp-json\/wp\/v2\/product_model?post=188253"},{"taxonomy":"product_brand","embeddable":true,"href":"https:\/\/stmtires.com\/es\/wp-json\/wp\/v2\/product_brand?post=188253"},{"taxonomy":"product_cat","embeddable":true,"href":"https:\/\/stmtires.com\/es\/wp-json\/wp\/v2\/product_cat?post=188253"},{"taxonomy":"product_tag","embeddable":true,"href":"https:\/\/stmtires.com\/es\/wp-json\/wp\/v2\/product_tag?post=188253"}],"curies":[{"name":"wp","href":"https:\/\/api.w.org\/{rel}","templated":true}]}}