{"id":188256,"date":"2022-05-12T15:36:44","date_gmt":"2022-05-12T20:36:44","guid":{"rendered":"https:\/\/website.dev.stmtires.com\/shop\/sin categor\u00eda\/445-65r22-5-l-l315\/"},"modified":"2022-05-12T15:36:44","modified_gmt":"2022-05-12T20:36:44","slug":"445-65r22-5-l-l315-2","status":"publish","type":"product","link":"https:\/\/stmtires.com\/es\/shop\/bridgestone-es\/445-65r22-5-l-l315-2\/","title":{"rendered":"445\/65R22.5 L L315"},"content":{"rendered":"<p>Cami\u00f3n\/Autob\u00fas Comercial. Cami\u00f3n de servicio mediano en \/ fuera de la carretera Eje de transmisi\u00f3n de base ancha Neum\u00e1tico radial. Recomendado para veh\u00edculos de tracci\u00f3n total, como mezcladores de cemento de descarga frontal.<\/p>\n","protected":false},"excerpt":{"rendered":"<p>Cami\u00f3n\/Autob\u00fas Comercial. Cami\u00f3n de servicio mediano en \/ fuera de la carretera Eje de transmisi\u00f3n de base ancha Neum\u00e1tico radial. Recomendado para veh\u00edculos de tracci\u00f3n total, como mezcladores de cemento de descarga frontal.<\/p>\n","protected":false},"featured_media":0,"comment_status":"open","ping_status":"closed","template":"","meta":{"_acf_changed":false,"subheading":[]},"product_model":[25876],"product_brand":[],"product_cat":[19286,19288,16272,19289,19287,19301,19253],"product_tag":[],"class_list":{"0":"post-188256","1":"product","2":"type-product","3":"status-publish","5":"product_model-l315-es","6":"product_cat-camion-autobus-comercial","7":"product_cat-conducir","8":"product_cat-on-off-highway-service","9":"product_cat-radial-es","10":"product_cat-servicio-de-autopistas","11":"product_cat-servicio-on-off-highway","12":"product_cat-uncategorized","13":"pa_tire-size-445-65r22-5-es","15":"first","16":"instock","17":"shipping-taxable","18":"purchasable","19":"product-type-simple"},"acf":[],"_links":{"self":[{"href":"https:\/\/stmtires.com\/es\/wp-json\/wp\/v2\/product\/188256","targetHints":{"allow":["GET"]}}],"collection":[{"href":"https:\/\/stmtires.com\/es\/wp-json\/wp\/v2\/product"}],"about":[{"href":"https:\/\/stmtires.com\/es\/wp-json\/wp\/v2\/types\/product"}],"replies":[{"embeddable":true,"href":"https:\/\/stmtires.com\/es\/wp-json\/wp\/v2\/comments?post=188256"}],"wp:attachment":[{"href":"https:\/\/stmtires.com\/es\/wp-json\/wp\/v2\/media?parent=188256"}],"wp:term":[{"taxonomy":"product_model","embeddable":true,"href":"https:\/\/stmtires.com\/es\/wp-json\/wp\/v2\/product_model?post=188256"},{"taxonomy":"product_brand","embeddable":true,"href":"https:\/\/stmtires.com\/es\/wp-json\/wp\/v2\/product_brand?post=188256"},{"taxonomy":"product_cat","embeddable":true,"href":"https:\/\/stmtires.com\/es\/wp-json\/wp\/v2\/product_cat?post=188256"},{"taxonomy":"product_tag","embeddable":true,"href":"https:\/\/stmtires.com\/es\/wp-json\/wp\/v2\/product_tag?post=188256"}],"curies":[{"name":"wp","href":"https:\/\/api.w.org\/{rel}","templated":true}]}}