{"id":188284,"date":"2022-05-12T10:22:08","date_gmt":"2022-05-12T15:22:08","guid":{"rendered":"https:\/\/website.dev.stmtires.com\/shop\/sin categor\u00eda\/445-50r22-5-x-un-xrv\/"},"modified":"2022-05-12T10:22:08","modified_gmt":"2022-05-12T15:22:08","slug":"445-50r22-5-x-uno-xrv","status":"publish","type":"product","link":"https:\/\/stmtires.com\/es\/shop\/michelin-es\/445-50r22-5-x-uno-xrv\/","title":{"rendered":"445\/50R22.5 X UN XRV"},"content":{"rendered":"<p>Cami\u00f3n\/Autob\u00fas Comercial. Neum\u00e1tico de base ancha de perfil ultra bajo dise\u00f1ado para reemplazar a los duales en aplicaciones de veh\u00edculos recreativos.<\/p>\n","protected":false},"excerpt":{"rendered":"<p>Cami\u00f3n\/Autob\u00fas Comercial. Neum\u00e1tico de base ancha de perfil ultra bajo dise\u00f1ado para reemplazar a los duales en aplicaciones de veh\u00edculos recreativos.<\/p>\n","protected":false},"featured_media":224441,"comment_status":"open","ping_status":"closed","template":"","meta":{"_acf_changed":false,"subheading":[]},"product_model":[25274],"product_brand":[15734],"product_cat":[19288],"product_tag":[],"class_list":{"0":"post-188284","1":"product","2":"type-product","3":"status-publish","4":"has-post-thumbnail","6":"product_model-x-one-xrv-es","7":"product_brand-michelin-es","8":"product_cat-conducir","9":"pa_tire-size-445-50r22-5-es","11":"first","12":"instock","13":"shipping-taxable","14":"purchasable","15":"product-type-simple"},"acf":[],"_links":{"self":[{"href":"https:\/\/stmtires.com\/es\/wp-json\/wp\/v2\/product\/188284","targetHints":{"allow":["GET"]}}],"collection":[{"href":"https:\/\/stmtires.com\/es\/wp-json\/wp\/v2\/product"}],"about":[{"href":"https:\/\/stmtires.com\/es\/wp-json\/wp\/v2\/types\/product"}],"replies":[{"embeddable":true,"href":"https:\/\/stmtires.com\/es\/wp-json\/wp\/v2\/comments?post=188284"}],"wp:featuredmedia":[{"embeddable":true,"href":"https:\/\/stmtires.com\/es\/wp-json\/wp\/v2\/media\/224441"}],"wp:attachment":[{"href":"https:\/\/stmtires.com\/es\/wp-json\/wp\/v2\/media?parent=188284"}],"wp:term":[{"taxonomy":"product_model","embeddable":true,"href":"https:\/\/stmtires.com\/es\/wp-json\/wp\/v2\/product_model?post=188284"},{"taxonomy":"product_brand","embeddable":true,"href":"https:\/\/stmtires.com\/es\/wp-json\/wp\/v2\/product_brand?post=188284"},{"taxonomy":"product_cat","embeddable":true,"href":"https:\/\/stmtires.com\/es\/wp-json\/wp\/v2\/product_cat?post=188284"},{"taxonomy":"product_tag","embeddable":true,"href":"https:\/\/stmtires.com\/es\/wp-json\/wp\/v2\/product_tag?post=188284"}],"curies":[{"name":"wp","href":"https:\/\/api.w.org\/{rel}","templated":true}]}}