{"id":188292,"date":"2022-05-12T16:15:44","date_gmt":"2022-05-12T21:15:44","guid":{"rendered":"https:\/\/website.dev.stmtires.com\/shop\/sin categor\u00eda\/445-50r22-5-l-greatec-r125a\/"},"modified":"2022-05-12T16:15:44","modified_gmt":"2022-05-12T21:15:44","slug":"445-50r22-5-l-greatec-r125a-2","status":"publish","type":"product","link":"https:\/\/stmtires.com\/es\/shop\/bridgestone-es\/445-50r22-5-l-greatec-r125a-2\/","title":{"rendered":"445\/50R22.5 L GREATEC R125A"},"content":{"rendered":"<p>Cami\u00f3n\/Autob\u00fas Comercial. Neum\u00e1tico radial de remolque de base ancha de cami\u00f3n de servicio mediano recomendado para aplicaciones de eje de remolque y dolly en servicio de larga distancia y servicio de transporte regional.<\/p>\n","protected":false},"excerpt":{"rendered":"<p>Cami\u00f3n\/Autob\u00fas Comercial. Neum\u00e1tico radial de remolque de base ancha de cami\u00f3n de servicio mediano recomendado para aplicaciones de eje de remolque y dolly en servicio de larga distancia y servicio de transporte regional.<\/p>\n","protected":false},"featured_media":222256,"comment_status":"open","ping_status":"closed","template":"","meta":{"_acf_changed":false,"subheading":[]},"product_model":[25908],"product_brand":[],"product_cat":[19286,19289,19332,19253],"product_tag":[],"class_list":{"0":"post-188292","1":"product","2":"type-product","3":"status-publish","4":"has-post-thumbnail","6":"product_model-greatec-r125a-es","7":"product_cat-camion-autobus-comercial","8":"product_cat-radial-es","9":"product_cat-servicio-regional","10":"product_cat-uncategorized","11":"pa_tire-size-445-50r22-5-es","13":"first","14":"instock","15":"shipping-taxable","16":"purchasable","17":"product-type-simple"},"acf":[],"_links":{"self":[{"href":"https:\/\/stmtires.com\/es\/wp-json\/wp\/v2\/product\/188292","targetHints":{"allow":["GET"]}}],"collection":[{"href":"https:\/\/stmtires.com\/es\/wp-json\/wp\/v2\/product"}],"about":[{"href":"https:\/\/stmtires.com\/es\/wp-json\/wp\/v2\/types\/product"}],"replies":[{"embeddable":true,"href":"https:\/\/stmtires.com\/es\/wp-json\/wp\/v2\/comments?post=188292"}],"wp:featuredmedia":[{"embeddable":true,"href":"https:\/\/stmtires.com\/es\/wp-json\/wp\/v2\/media\/222256"}],"wp:attachment":[{"href":"https:\/\/stmtires.com\/es\/wp-json\/wp\/v2\/media?parent=188292"}],"wp:term":[{"taxonomy":"product_model","embeddable":true,"href":"https:\/\/stmtires.com\/es\/wp-json\/wp\/v2\/product_model?post=188292"},{"taxonomy":"product_brand","embeddable":true,"href":"https:\/\/stmtires.com\/es\/wp-json\/wp\/v2\/product_brand?post=188292"},{"taxonomy":"product_cat","embeddable":true,"href":"https:\/\/stmtires.com\/es\/wp-json\/wp\/v2\/product_cat?post=188292"},{"taxonomy":"product_tag","embeddable":true,"href":"https:\/\/stmtires.com\/es\/wp-json\/wp\/v2\/product_tag?post=188292"}],"curies":[{"name":"wp","href":"https:\/\/api.w.org\/{rel}","templated":true}]}}