{"id":188332,"date":"2022-05-12T16:09:49","date_gmt":"2022-05-12T21:09:49","guid":{"rendered":"https:\/\/website.dev.stmtires.com\/shop\/sin categor\u00eda\/445-95r25-2-tl-vkt-e-2\/"},"modified":"2022-05-12T16:09:49","modified_gmt":"2022-05-12T21:09:49","slug":"445-95r25-2-tl-vkt-e-2-2","status":"publish","type":"product","link":"https:\/\/stmtires.com\/es\/shop\/bridgestone-es\/445-95r25-2-tl-vkt-e-2-2\/","title":{"rendered":"445\/95R25 2* TL VKT E-2"},"content":{"rendered":"<p>Neum\u00e1tico de tracci\u00f3n radial OTR E-2, G-2 y L-2 con servicio pesado, dise\u00f1o de acero para niveladoras, cargadoras y movimientos de tierras. Mejor en superficies suaves y fangosas.<\/p>\n","protected":false},"excerpt":{"rendered":"<p>Neum\u00e1tico de tracci\u00f3n radial OTR E-2, G-2 y L-2 con servicio pesado, dise\u00f1o de acero para niveladoras, cargadoras y movimientos de tierras. Mejor en superficies suaves y fangosas.<\/p>\n","protected":false},"featured_media":0,"comment_status":"open","ping_status":"closed","template":"","meta":{"_acf_changed":false,"subheading":[]},"product_model":[22926],"product_brand":[],"product_cat":[19289,16265,19287,19253],"product_tag":[],"class_list":{"0":"post-188332","1":"product","2":"type-product","3":"status-publish","5":"product_model-vkt-v-steel-k-traction-es","6":"product_cat-radial-es","7":"product_cat-radial","8":"product_cat-servicio-de-autopistas","9":"product_cat-uncategorized","10":"pa_tire-size-445-95r25-es","12":"first","13":"instock","14":"shipping-taxable","15":"purchasable","16":"product-type-simple"},"acf":[],"_links":{"self":[{"href":"https:\/\/stmtires.com\/es\/wp-json\/wp\/v2\/product\/188332","targetHints":{"allow":["GET"]}}],"collection":[{"href":"https:\/\/stmtires.com\/es\/wp-json\/wp\/v2\/product"}],"about":[{"href":"https:\/\/stmtires.com\/es\/wp-json\/wp\/v2\/types\/product"}],"replies":[{"embeddable":true,"href":"https:\/\/stmtires.com\/es\/wp-json\/wp\/v2\/comments?post=188332"}],"wp:attachment":[{"href":"https:\/\/stmtires.com\/es\/wp-json\/wp\/v2\/media?parent=188332"}],"wp:term":[{"taxonomy":"product_model","embeddable":true,"href":"https:\/\/stmtires.com\/es\/wp-json\/wp\/v2\/product_model?post=188332"},{"taxonomy":"product_brand","embeddable":true,"href":"https:\/\/stmtires.com\/es\/wp-json\/wp\/v2\/product_brand?post=188332"},{"taxonomy":"product_cat","embeddable":true,"href":"https:\/\/stmtires.com\/es\/wp-json\/wp\/v2\/product_cat?post=188332"},{"taxonomy":"product_tag","embeddable":true,"href":"https:\/\/stmtires.com\/es\/wp-json\/wp\/v2\/product_tag?post=188332"}],"curies":[{"name":"wp","href":"https:\/\/api.w.org\/{rel}","templated":true}]}}