{"id":188363,"date":"2022-05-12T10:39:25","date_gmt":"2022-05-12T15:39:25","guid":{"rendered":"https:\/\/website.dev.stmtires.com\/shop\/sin categor\u00eda\/425-65r22-5-l-xzy-3-base-ancha\/"},"modified":"2022-05-12T10:39:25","modified_gmt":"2022-05-12T15:39:25","slug":"425-65r22-5-l-xzy-3-wide-base-2","status":"publish","type":"product","link":"https:\/\/stmtires.com\/es\/shop\/michelin-es\/425-65r22-5-l-xzy-3-wide-base-2\/","title":{"rendered":"425\/65R22.5 L XZY 3 BASE ANCHA"},"content":{"rendered":"<p>Cami\u00f3n\/Autob\u00fas Comercial. Cami\u00f3n de servicio mediano Neum\u00e1tico radial de base ancha de posici\u00f3n completa dise\u00f1ado para el servicio mixto de eje delantero pesado en aplicaciones on\/ off road.<\/p>\n","protected":false},"excerpt":{"rendered":"<p>Cami\u00f3n\/Autob\u00fas Comercial. Cami\u00f3n de servicio mediano Neum\u00e1tico radial de base ancha de posici\u00f3n completa dise\u00f1ado para el servicio mixto de eje delantero pesado en aplicaciones on\/ off road.<\/p>\n","protected":false},"featured_media":0,"comment_status":"open","ping_status":"closed","template":"","meta":{"_acf_changed":false,"subheading":[]},"product_model":[25311],"product_brand":[15734],"product_cat":[19321,19253],"product_tag":[],"class_list":{"0":"post-188363","1":"product","2":"type-product","3":"status-publish","5":"product_model-xzy-3-wide-base-es","6":"product_brand-michelin-es","7":"product_cat-conducir-es","8":"product_cat-uncategorized","9":"pa_tire-size-425-65r22-5-es","11":"first","12":"instock","13":"shipping-taxable","14":"purchasable","15":"product-type-simple"},"acf":[],"_links":{"self":[{"href":"https:\/\/stmtires.com\/es\/wp-json\/wp\/v2\/product\/188363","targetHints":{"allow":["GET"]}}],"collection":[{"href":"https:\/\/stmtires.com\/es\/wp-json\/wp\/v2\/product"}],"about":[{"href":"https:\/\/stmtires.com\/es\/wp-json\/wp\/v2\/types\/product"}],"replies":[{"embeddable":true,"href":"https:\/\/stmtires.com\/es\/wp-json\/wp\/v2\/comments?post=188363"}],"wp:attachment":[{"href":"https:\/\/stmtires.com\/es\/wp-json\/wp\/v2\/media?parent=188363"}],"wp:term":[{"taxonomy":"product_model","embeddable":true,"href":"https:\/\/stmtires.com\/es\/wp-json\/wp\/v2\/product_model?post=188363"},{"taxonomy":"product_brand","embeddable":true,"href":"https:\/\/stmtires.com\/es\/wp-json\/wp\/v2\/product_brand?post=188363"},{"taxonomy":"product_cat","embeddable":true,"href":"https:\/\/stmtires.com\/es\/wp-json\/wp\/v2\/product_cat?post=188363"},{"taxonomy":"product_tag","embeddable":true,"href":"https:\/\/stmtires.com\/es\/wp-json\/wp\/v2\/product_tag?post=188363"}],"curies":[{"name":"wp","href":"https:\/\/api.w.org\/{rel}","templated":true}]}}