{"id":188375,"date":"2022-05-12T10:21:24","date_gmt":"2022-05-12T15:21:24","guid":{"rendered":"https:\/\/website.dev.stmtires.com\/shop\/sin categor\u00eda\/425-65r22-5-l-tl-xfe-base-ancha\/"},"modified":"2022-05-12T10:21:24","modified_gmt":"2022-05-12T15:21:24","slug":"425-65r22-5-l-tl-xfe-wide-base-2","status":"publish","type":"product","link":"https:\/\/stmtires.com\/es\/shop\/michelin-es\/425-65r22-5-l-tl-xfe-wide-base-2\/","title":{"rendered":"425\/65R22.5 L TL XFE BASE ANCHA"},"content":{"rendered":"<p>Cami\u00f3n\/Autob\u00fas Comercial. Neum\u00e1tico de cami\u00f3n de servicio mediano de direcci\u00f3n \u00fanica de base ancha dise\u00f1ado para ofrecer un alto kilometraje y un viaje silencioso en el eje delantero pesado en aplicaciones regionales y de larga distancia.<\/p>\n","protected":false},"excerpt":{"rendered":"<p>Cami\u00f3n\/Autob\u00fas Comercial. Neum\u00e1tico de cami\u00f3n de servicio mediano de direcci\u00f3n \u00fanica de base ancha dise\u00f1ado para ofrecer un alto kilometraje y un viaje silencioso en el eje delantero pesado en aplicaciones regionales y de larga distancia.<\/p>\n","protected":false},"featured_media":225402,"comment_status":"open","ping_status":"closed","template":"","meta":{"_acf_changed":false,"subheading":[]},"product_model":[25301],"product_brand":[15734],"product_cat":[19321],"product_tag":[],"class_list":{"0":"post-188375","1":"product","2":"type-product","3":"status-publish","4":"has-post-thumbnail","6":"product_model-xfe-wide-base-es","7":"product_brand-michelin-es","8":"product_cat-conducir-es","9":"pa_tire-size-425-65r22-5-es","11":"first","12":"instock","13":"shipping-taxable","14":"purchasable","15":"product-type-simple"},"acf":[],"_links":{"self":[{"href":"https:\/\/stmtires.com\/es\/wp-json\/wp\/v2\/product\/188375","targetHints":{"allow":["GET"]}}],"collection":[{"href":"https:\/\/stmtires.com\/es\/wp-json\/wp\/v2\/product"}],"about":[{"href":"https:\/\/stmtires.com\/es\/wp-json\/wp\/v2\/types\/product"}],"replies":[{"embeddable":true,"href":"https:\/\/stmtires.com\/es\/wp-json\/wp\/v2\/comments?post=188375"}],"wp:featuredmedia":[{"embeddable":true,"href":"https:\/\/stmtires.com\/es\/wp-json\/wp\/v2\/media\/225402"}],"wp:attachment":[{"href":"https:\/\/stmtires.com\/es\/wp-json\/wp\/v2\/media?parent=188375"}],"wp:term":[{"taxonomy":"product_model","embeddable":true,"href":"https:\/\/stmtires.com\/es\/wp-json\/wp\/v2\/product_model?post=188375"},{"taxonomy":"product_brand","embeddable":true,"href":"https:\/\/stmtires.com\/es\/wp-json\/wp\/v2\/product_brand?post=188375"},{"taxonomy":"product_cat","embeddable":true,"href":"https:\/\/stmtires.com\/es\/wp-json\/wp\/v2\/product_cat?post=188375"},{"taxonomy":"product_tag","embeddable":true,"href":"https:\/\/stmtires.com\/es\/wp-json\/wp\/v2\/product_tag?post=188375"}],"curies":[{"name":"wp","href":"https:\/\/api.w.org\/{rel}","templated":true}]}}