{"id":188385,"date":"2022-05-12T10:40:51","date_gmt":"2022-05-12T15:40:51","guid":{"rendered":"https:\/\/website.dev.stmtires.com\/shop\/sin categor\u00eda\/425-65r22-5-l-t839\/"},"modified":"2022-05-12T10:40:51","modified_gmt":"2022-05-12T15:40:51","slug":"425-65r22-5-l-t839-2","status":"publish","type":"product","link":"https:\/\/stmtires.com\/es\/shop\/firestone-es\/425-65r22-5-l-t839-2\/","title":{"rendered":"425\/65R22.5 L T839"},"content":{"rendered":"<p>Cami\u00f3n\/Autob\u00fas Comercial. Cami\u00f3n de servicio mediano De base ancha de posici\u00f3n ancha radial recomendado para la direcci\u00f3n, la conducci\u00f3n y la posici\u00f3n del remolque en el servicio dentro \/ fuera de la carretera.<\/p>\n","protected":false},"excerpt":{"rendered":"<p>Cami\u00f3n\/Autob\u00fas Comercial. Cami\u00f3n de servicio mediano De base ancha de posici\u00f3n ancha radial recomendado para la direcci\u00f3n, la conducci\u00f3n y la posici\u00f3n del remolque en el servicio dentro \/ fuera de la carretera.<\/p>\n","protected":false},"featured_media":225820,"comment_status":"open","ping_status":"closed","template":"","meta":{"_acf_changed":false,"subheading":[]},"product_model":[25536],"product_brand":[15736],"product_cat":[19286,19321,19288,19336,19289,19287,19301,19316,19253],"product_tag":[],"class_list":{"0":"post-188385","1":"product","2":"type-product","3":"status-publish","4":"has-post-thumbnail","6":"product_model-t839-radial-es","7":"product_brand-firestone-es","8":"product_cat-camion-autobus-comercial","9":"product_cat-conducir-es","10":"product_cat-conducir","11":"product_cat-posicion-del-remolque","12":"product_cat-radial-es","13":"product_cat-servicio-de-autopistas","14":"product_cat-servicio-on-off-highway","15":"product_cat-todas-las-posiciones","16":"product_cat-uncategorized","17":"pa_tire-size-425-65r22-5-es","19":"first","20":"instock","21":"shipping-taxable","22":"purchasable","23":"product-type-simple"},"acf":[],"_links":{"self":[{"href":"https:\/\/stmtires.com\/es\/wp-json\/wp\/v2\/product\/188385","targetHints":{"allow":["GET"]}}],"collection":[{"href":"https:\/\/stmtires.com\/es\/wp-json\/wp\/v2\/product"}],"about":[{"href":"https:\/\/stmtires.com\/es\/wp-json\/wp\/v2\/types\/product"}],"replies":[{"embeddable":true,"href":"https:\/\/stmtires.com\/es\/wp-json\/wp\/v2\/comments?post=188385"}],"wp:featuredmedia":[{"embeddable":true,"href":"https:\/\/stmtires.com\/es\/wp-json\/wp\/v2\/media\/225820"}],"wp:attachment":[{"href":"https:\/\/stmtires.com\/es\/wp-json\/wp\/v2\/media?parent=188385"}],"wp:term":[{"taxonomy":"product_model","embeddable":true,"href":"https:\/\/stmtires.com\/es\/wp-json\/wp\/v2\/product_model?post=188385"},{"taxonomy":"product_brand","embeddable":true,"href":"https:\/\/stmtires.com\/es\/wp-json\/wp\/v2\/product_brand?post=188385"},{"taxonomy":"product_cat","embeddable":true,"href":"https:\/\/stmtires.com\/es\/wp-json\/wp\/v2\/product_cat?post=188385"},{"taxonomy":"product_tag","embeddable":true,"href":"https:\/\/stmtires.com\/es\/wp-json\/wp\/v2\/product_tag?post=188385"}],"curies":[{"name":"wp","href":"https:\/\/api.w.org\/{rel}","templated":true}]}}