{"id":188393,"date":"2022-05-12T16:58:53","date_gmt":"2022-05-12T21:58:53","guid":{"rendered":"https:\/\/website.dev.stmtires.com\/shop\/sin categor\u00eda\/425-65r22-5-l-m854\/"},"modified":"2022-05-12T16:58:53","modified_gmt":"2022-05-12T21:58:53","slug":"425-65r22-5-l-m854-2","status":"publish","type":"product","link":"https:\/\/stmtires.com\/es\/shop\/bridgestone-es\/425-65r22-5-l-m854-2\/","title":{"rendered":"425\/65R22.5 L M854"},"content":{"rendered":"<p>Cami\u00f3n\/Autob\u00fas Comercial. Cami\u00f3n de servicio mediano De base ancha On-\/Off-Highway All-Position Radial neum\u00e1tico. Aplicaci\u00f3n ideal: Posiciones de direcci\u00f3n, conducci\u00f3n y remolque en servicio on\/off highway.<\/p>\n","protected":false},"excerpt":{"rendered":"<p>Cami\u00f3n\/Autob\u00fas Comercial. Cami\u00f3n de servicio mediano De base ancha On-\/Off-Highway All-Position Radial neum\u00e1tico. Aplicaci\u00f3n ideal: Posiciones de direcci\u00f3n, conducci\u00f3n y remolque en servicio on\/off highway.<\/p>\n","protected":false},"featured_media":221840,"comment_status":"open","ping_status":"closed","template":"","meta":{"_acf_changed":false,"subheading":[]},"product_model":[25937],"product_brand":[],"product_cat":[19286,19288,19321,19336,19289,19287,19301,19316,19253],"product_tag":[],"class_list":{"0":"post-188393","1":"product","2":"type-product","3":"status-publish","4":"has-post-thumbnail","6":"product_model-m854-es","7":"product_cat-camion-autobus-comercial","8":"product_cat-conducir","9":"product_cat-conducir-es","10":"product_cat-posicion-del-remolque","11":"product_cat-radial-es","12":"product_cat-servicio-de-autopistas","13":"product_cat-servicio-on-off-highway","14":"product_cat-todas-las-posiciones","15":"product_cat-uncategorized","16":"pa_tire-size-425-65r22-5-es","18":"first","19":"instock","20":"shipping-taxable","21":"purchasable","22":"product-type-simple"},"acf":[],"_links":{"self":[{"href":"https:\/\/stmtires.com\/es\/wp-json\/wp\/v2\/product\/188393","targetHints":{"allow":["GET"]}}],"collection":[{"href":"https:\/\/stmtires.com\/es\/wp-json\/wp\/v2\/product"}],"about":[{"href":"https:\/\/stmtires.com\/es\/wp-json\/wp\/v2\/types\/product"}],"replies":[{"embeddable":true,"href":"https:\/\/stmtires.com\/es\/wp-json\/wp\/v2\/comments?post=188393"}],"wp:featuredmedia":[{"embeddable":true,"href":"https:\/\/stmtires.com\/es\/wp-json\/wp\/v2\/media\/221840"}],"wp:attachment":[{"href":"https:\/\/stmtires.com\/es\/wp-json\/wp\/v2\/media?parent=188393"}],"wp:term":[{"taxonomy":"product_model","embeddable":true,"href":"https:\/\/stmtires.com\/es\/wp-json\/wp\/v2\/product_model?post=188393"},{"taxonomy":"product_brand","embeddable":true,"href":"https:\/\/stmtires.com\/es\/wp-json\/wp\/v2\/product_brand?post=188393"},{"taxonomy":"product_cat","embeddable":true,"href":"https:\/\/stmtires.com\/es\/wp-json\/wp\/v2\/product_cat?post=188393"},{"taxonomy":"product_tag","embeddable":true,"href":"https:\/\/stmtires.com\/es\/wp-json\/wp\/v2\/product_tag?post=188393"}],"curies":[{"name":"wp","href":"https:\/\/api.w.org\/{rel}","templated":true}]}}