{"id":188417,"date":"2022-05-12T10:17:56","date_gmt":"2022-05-12T15:17:56","guid":{"rendered":"https:\/\/website.dev.stmtires.com\/shop\/sin categor\u00eda\/base-ancha-425-65r22-5-l-tl-m320\/"},"modified":"2022-05-12T10:17:56","modified_gmt":"2022-05-12T15:17:56","slug":"425-65r22-5-l-tl-m320-wide-base-2","status":"publish","type":"product","link":"https:\/\/stmtires.com\/es\/shop\/toyo-es\/425-65r22-5-l-tl-m320-wide-base-2\/","title":{"rendered":"BASE ANCHA 425\/65R22.5 L TL M320"},"content":{"rendered":"<p>Cami\u00f3n\/Autob\u00fas Comercial. Cami\u00f3n de servicio mediano on \/ off road de base ancha radial de carretera dise\u00f1ado para aplicaciones dif\u00edciles, como hormigoneras, camiones de volteo y camiones de basura. Este neum\u00e1tico de perfil bajo es ideal para uso en todas las posiciones.<\/p>\n","protected":false},"excerpt":{"rendered":"<p>Cami\u00f3n\/Autob\u00fas Comercial. Cami\u00f3n de servicio mediano on \/ off road de base ancha radial de carretera dise\u00f1ado para aplicaciones dif\u00edciles, como hormigoneras, camiones de volteo y camiones de basura. Este neum\u00e1tico de perfil bajo es ideal para uso en todas las posiciones.<\/p>\n","protected":false},"featured_media":106375,"comment_status":"open","ping_status":"closed","template":"","meta":{"_acf_changed":false,"subheading":[]},"product_model":[25281],"product_brand":[15760],"product_cat":[23763],"product_tag":[],"class_list":{"0":"post-188417","1":"product","2":"type-product","3":"status-publish","4":"has-post-thumbnail","6":"product_model-m320-wide-base-es","7":"product_brand-toyo-es","8":"product_cat-uncategorized-es","9":"pa_tire-size-425-65r22-5-es","11":"first","12":"instock","13":"shipping-taxable","14":"purchasable","15":"product-type-simple"},"acf":[],"_links":{"self":[{"href":"https:\/\/stmtires.com\/es\/wp-json\/wp\/v2\/product\/188417","targetHints":{"allow":["GET"]}}],"collection":[{"href":"https:\/\/stmtires.com\/es\/wp-json\/wp\/v2\/product"}],"about":[{"href":"https:\/\/stmtires.com\/es\/wp-json\/wp\/v2\/types\/product"}],"replies":[{"embeddable":true,"href":"https:\/\/stmtires.com\/es\/wp-json\/wp\/v2\/comments?post=188417"}],"wp:featuredmedia":[{"embeddable":true,"href":"https:\/\/stmtires.com\/es\/wp-json\/wp\/v2\/media\/106375"}],"wp:attachment":[{"href":"https:\/\/stmtires.com\/es\/wp-json\/wp\/v2\/media?parent=188417"}],"wp:term":[{"taxonomy":"product_model","embeddable":true,"href":"https:\/\/stmtires.com\/es\/wp-json\/wp\/v2\/product_model?post=188417"},{"taxonomy":"product_brand","embeddable":true,"href":"https:\/\/stmtires.com\/es\/wp-json\/wp\/v2\/product_brand?post=188417"},{"taxonomy":"product_cat","embeddable":true,"href":"https:\/\/stmtires.com\/es\/wp-json\/wp\/v2\/product_cat?post=188417"},{"taxonomy":"product_tag","embeddable":true,"href":"https:\/\/stmtires.com\/es\/wp-json\/wp\/v2\/product_tag?post=188417"}],"curies":[{"name":"wp","href":"https:\/\/api.w.org\/{rel}","templated":true}]}}