{"id":188447,"date":"2022-05-12T11:28:55","date_gmt":"2022-05-12T16:28:55","guid":{"rendered":"https:\/\/website.dev.stmtires.com\/shop\/sin categor\u00eda\/42x25-00-20-f-tl-flotacion-23-deep-tread-hf-3\/"},"modified":"2022-05-12T11:28:55","modified_gmt":"2022-05-12T16:28:55","slug":"42x25-00-20-f-tl-flotacion-23-deep-tread-hf-3","status":"publish","type":"product","link":"https:\/\/stmtires.com\/es\/shop\/firestone-es\/42x25-00-20-f-tl-flotacion-23-deep-tread-hf-3\/","title":{"rendered":"42X25.00-20 F TL FLOTACI\u00d3N 23\u00b0 DEEP TREAD HF-3"},"content":{"rendered":"<p>Neum\u00e1tico de flotaci\u00f3n de polarizaci\u00f3n HF-3 agr\u00edcola con asas profundas adecuado para aplicaciones de suelo h\u00famedo a h\u00famedo.<\/p>\n","protected":false},"excerpt":{"rendered":"<p>Neum\u00e1tico de flotaci\u00f3n de polarizaci\u00f3n HF-3 agr\u00edcola con asas profundas adecuado para aplicaciones de suelo h\u00famedo a h\u00famedo.<\/p>\n","protected":false},"featured_media":0,"comment_status":"open","ping_status":"closed","template":"","meta":{"_acf_changed":false,"subheading":[]},"product_model":[25578],"product_brand":[15736],"product_cat":[26128,19306,19355,19253],"product_tag":[],"class_list":{"0":"post-188447","1":"product","2":"type-product","3":"status-publish","5":"product_model-flotation-23-deep-tread-hf-3-es","6":"product_brand-firestone-es","7":"product_cat-agricola","8":"product_cat-orejeta","9":"product_cat-predisposicion","10":"product_cat-uncategorized","11":"pa_tire-size-42x25r20-es","13":"first","14":"instock","15":"shipping-taxable","16":"purchasable","17":"product-type-simple"},"acf":[],"_links":{"self":[{"href":"https:\/\/stmtires.com\/es\/wp-json\/wp\/v2\/product\/188447","targetHints":{"allow":["GET"]}}],"collection":[{"href":"https:\/\/stmtires.com\/es\/wp-json\/wp\/v2\/product"}],"about":[{"href":"https:\/\/stmtires.com\/es\/wp-json\/wp\/v2\/types\/product"}],"replies":[{"embeddable":true,"href":"https:\/\/stmtires.com\/es\/wp-json\/wp\/v2\/comments?post=188447"}],"wp:attachment":[{"href":"https:\/\/stmtires.com\/es\/wp-json\/wp\/v2\/media?parent=188447"}],"wp:term":[{"taxonomy":"product_model","embeddable":true,"href":"https:\/\/stmtires.com\/es\/wp-json\/wp\/v2\/product_model?post=188447"},{"taxonomy":"product_brand","embeddable":true,"href":"https:\/\/stmtires.com\/es\/wp-json\/wp\/v2\/product_brand?post=188447"},{"taxonomy":"product_cat","embeddable":true,"href":"https:\/\/stmtires.com\/es\/wp-json\/wp\/v2\/product_cat?post=188447"},{"taxonomy":"product_tag","embeddable":true,"href":"https:\/\/stmtires.com\/es\/wp-json\/wp\/v2\/product_tag?post=188447"}],"curies":[{"name":"wp","href":"https:\/\/api.w.org\/{rel}","templated":true}]}}