{"id":188452,"date":"2022-05-12T14:44:44","date_gmt":"2022-05-12T19:44:44","guid":{"rendered":"https:\/\/website.dev.stmtires.com\/shop\/sin categor\u00eda\/425-65r22-5-l-doble-moneda-rlb900\/"},"modified":"2022-05-12T14:44:44","modified_gmt":"2022-05-12T19:44:44","slug":"425-65r22-5-l-doble-moneda-rlb900","status":"publish","type":"product","link":"https:\/\/stmtires.com\/es\/shop\/double-coin\/425-65r22-5-l-doble-moneda-rlb900\/","title":{"rendered":"425\/65R22.5 L DOBLE MONEDA RLB900+"},"content":{"rendered":"<p>Cami\u00f3n\/Autob\u00fas Comercial. Cami\u00f3n de servicio mediano De base ancha Servicio mixto Neum\u00e1tico de todas las posiciones.<\/p>\n","protected":false},"excerpt":{"rendered":"<p>Cami\u00f3n\/Autob\u00fas Comercial. Cami\u00f3n de servicio mediano De base ancha Servicio mixto Neum\u00e1tico de todas las posiciones.<\/p>\n","protected":false},"featured_media":222570,"comment_status":"open","ping_status":"closed","template":"","meta":{"_acf_changed":false,"subheading":[]},"product_model":[25722],"product_brand":[103],"product_cat":[16263,19304,19286,19316],"product_tag":[],"class_list":{"0":"post-188452","1":"product","2":"type-product","3":"status-publish","4":"has-post-thumbnail","6":"product_model-double-coin-rlb900-es","7":"product_brand-double-coin","8":"product_cat-all-position","9":"product_cat-banda-de-rodadura-profunda","10":"product_cat-camion-autobus-comercial","11":"product_cat-todas-las-posiciones","12":"pa_tire-size-425-65r22-5-es","14":"first","15":"instock","16":"shipping-taxable","17":"purchasable","18":"product-type-simple"},"acf":[],"_links":{"self":[{"href":"https:\/\/stmtires.com\/es\/wp-json\/wp\/v2\/product\/188452","targetHints":{"allow":["GET"]}}],"collection":[{"href":"https:\/\/stmtires.com\/es\/wp-json\/wp\/v2\/product"}],"about":[{"href":"https:\/\/stmtires.com\/es\/wp-json\/wp\/v2\/types\/product"}],"replies":[{"embeddable":true,"href":"https:\/\/stmtires.com\/es\/wp-json\/wp\/v2\/comments?post=188452"}],"wp:featuredmedia":[{"embeddable":true,"href":"https:\/\/stmtires.com\/es\/wp-json\/wp\/v2\/media\/222570"}],"wp:attachment":[{"href":"https:\/\/stmtires.com\/es\/wp-json\/wp\/v2\/media?parent=188452"}],"wp:term":[{"taxonomy":"product_model","embeddable":true,"href":"https:\/\/stmtires.com\/es\/wp-json\/wp\/v2\/product_model?post=188452"},{"taxonomy":"product_brand","embeddable":true,"href":"https:\/\/stmtires.com\/es\/wp-json\/wp\/v2\/product_brand?post=188452"},{"taxonomy":"product_cat","embeddable":true,"href":"https:\/\/stmtires.com\/es\/wp-json\/wp\/v2\/product_cat?post=188452"},{"taxonomy":"product_tag","embeddable":true,"href":"https:\/\/stmtires.com\/es\/wp-json\/wp\/v2\/product_tag?post=188452"}],"curies":[{"name":"wp","href":"https:\/\/api.w.org\/{rel}","templated":true}]}}