{"id":188453,"date":"2022-05-12T11:52:12","date_gmt":"2022-05-12T16:52:12","guid":{"rendered":"https:\/\/website.dev.stmtires.com\/shop\/sin categor\u00eda\/445-50r22-5-l-x-una-linea-energy-t\/"},"modified":"2022-05-12T11:52:12","modified_gmt":"2022-05-12T16:52:12","slug":"445-50r22-5-l-x-una-linea-energia-t","status":"publish","type":"product","link":"https:\/\/stmtires.com\/es\/shop\/michelin-es\/445-50r22-5-l-x-una-linea-energia-t\/","title":{"rendered":"445\/50R22.5 L X UNA L\u00cdNEA ENERGY T"},"content":{"rendered":"<p>Cami\u00f3n\/Autob\u00fas Comercial. SmartWay verificado. Neum\u00e1tico de posici\u00f3n de remolque de base ancha de cami\u00f3n de servicio mediano para aplicaciones de transporte en l\u00ednea.<\/p>\n","protected":false},"excerpt":{"rendered":"<p>Cami\u00f3n\/Autob\u00fas Comercial. SmartWay verificado. Neum\u00e1tico de posici\u00f3n de remolque de base ancha de cami\u00f3n de servicio mediano para aplicaciones de transporte en l\u00ednea.<\/p>\n","protected":false},"featured_media":226221,"comment_status":"open","ping_status":"closed","template":"","meta":{"_acf_changed":false,"subheading":[]},"product_model":[25653],"product_brand":[15734],"product_cat":[19253],"product_tag":[],"class_list":{"0":"post-188453","1":"product","2":"type-product","3":"status-publish","4":"has-post-thumbnail","6":"product_model-x-one-line-energy-t-es","7":"product_brand-michelin-es","8":"product_cat-uncategorized","9":"pa_tire-size-445-50r22-5-es","11":"first","12":"instock","13":"shipping-taxable","14":"purchasable","15":"product-type-simple"},"acf":[],"_links":{"self":[{"href":"https:\/\/stmtires.com\/es\/wp-json\/wp\/v2\/product\/188453","targetHints":{"allow":["GET"]}}],"collection":[{"href":"https:\/\/stmtires.com\/es\/wp-json\/wp\/v2\/product"}],"about":[{"href":"https:\/\/stmtires.com\/es\/wp-json\/wp\/v2\/types\/product"}],"replies":[{"embeddable":true,"href":"https:\/\/stmtires.com\/es\/wp-json\/wp\/v2\/comments?post=188453"}],"wp:featuredmedia":[{"embeddable":true,"href":"https:\/\/stmtires.com\/es\/wp-json\/wp\/v2\/media\/226221"}],"wp:attachment":[{"href":"https:\/\/stmtires.com\/es\/wp-json\/wp\/v2\/media?parent=188453"}],"wp:term":[{"taxonomy":"product_model","embeddable":true,"href":"https:\/\/stmtires.com\/es\/wp-json\/wp\/v2\/product_model?post=188453"},{"taxonomy":"product_brand","embeddable":true,"href":"https:\/\/stmtires.com\/es\/wp-json\/wp\/v2\/product_brand?post=188453"},{"taxonomy":"product_cat","embeddable":true,"href":"https:\/\/stmtires.com\/es\/wp-json\/wp\/v2\/product_cat?post=188453"},{"taxonomy":"product_tag","embeddable":true,"href":"https:\/\/stmtires.com\/es\/wp-json\/wp\/v2\/product_tag?post=188453"}],"curies":[{"name":"wp","href":"https:\/\/api.w.org\/{rel}","templated":true}]}}