{"id":188471,"date":"2022-05-12T16:33:25","date_gmt":"2022-05-12T21:33:25","guid":{"rendered":"https:\/\/website.dev.stmtires.com\/shop\/sin categor\u00eda\/445-50r22-5-l-greatec-r135-ecopia\/"},"modified":"2022-05-12T16:33:25","modified_gmt":"2022-05-12T21:33:25","slug":"445-50r22-5-l-greatec-r135-ecopia-2","status":"publish","type":"product","link":"https:\/\/stmtires.com\/es\/shop\/bridgestone-es\/445-50r22-5-l-greatec-r135-ecopia-2\/","title":{"rendered":"445\/50R22.5 L GREATEC R135 ECOPIA"},"content":{"rendered":"<p>Cami\u00f3n\/Autob\u00fas Comercial. SmartWay verificado. Cami\u00f3n de servicio mediano de bajo consumo de combustible Posici\u00f3n de remolque de base ancha Neum\u00e1tico radial dise\u00f1ado para aplicaciones de remolque de eje t\u00e1ndem en servicio regional y de larga distancia.<\/p>\n","protected":false},"excerpt":{"rendered":"<p>Cami\u00f3n\/Autob\u00fas Comercial. SmartWay verificado. Cami\u00f3n de servicio mediano de bajo consumo de combustible Posici\u00f3n de remolque de base ancha Neum\u00e1tico radial dise\u00f1ado para aplicaciones de remolque de eje t\u00e1ndem en servicio regional y de larga distancia.<\/p>\n","protected":false},"featured_media":221620,"comment_status":"open","ping_status":"closed","template":"","meta":{"_acf_changed":false,"subheading":[]},"product_model":[25911],"product_brand":[],"product_cat":[19286,19336,19289,19332,19323,19253],"product_tag":[],"class_list":{"0":"post-188471","1":"product","2":"type-product","3":"status-publish","4":"has-post-thumbnail","6":"product_model-greatec-r135-ecopia-es","7":"product_cat-camion-autobus-comercial","8":"product_cat-posicion-del-remolque","9":"product_cat-radial-es","10":"product_cat-servicio-regional","11":"product_cat-smartway-en-ingles","12":"product_cat-uncategorized","13":"pa_tire-size-445-50r22-5-es","15":"first","16":"instock","17":"shipping-taxable","18":"purchasable","19":"product-type-simple"},"acf":[],"_links":{"self":[{"href":"https:\/\/stmtires.com\/es\/wp-json\/wp\/v2\/product\/188471","targetHints":{"allow":["GET"]}}],"collection":[{"href":"https:\/\/stmtires.com\/es\/wp-json\/wp\/v2\/product"}],"about":[{"href":"https:\/\/stmtires.com\/es\/wp-json\/wp\/v2\/types\/product"}],"replies":[{"embeddable":true,"href":"https:\/\/stmtires.com\/es\/wp-json\/wp\/v2\/comments?post=188471"}],"wp:featuredmedia":[{"embeddable":true,"href":"https:\/\/stmtires.com\/es\/wp-json\/wp\/v2\/media\/221620"}],"wp:attachment":[{"href":"https:\/\/stmtires.com\/es\/wp-json\/wp\/v2\/media?parent=188471"}],"wp:term":[{"taxonomy":"product_model","embeddable":true,"href":"https:\/\/stmtires.com\/es\/wp-json\/wp\/v2\/product_model?post=188471"},{"taxonomy":"product_brand","embeddable":true,"href":"https:\/\/stmtires.com\/es\/wp-json\/wp\/v2\/product_brand?post=188471"},{"taxonomy":"product_cat","embeddable":true,"href":"https:\/\/stmtires.com\/es\/wp-json\/wp\/v2\/product_cat?post=188471"},{"taxonomy":"product_tag","embeddable":true,"href":"https:\/\/stmtires.com\/es\/wp-json\/wp\/v2\/product_tag?post=188471"}],"curies":[{"name":"wp","href":"https:\/\/api.w.org\/{rel}","templated":true}]}}