{"id":188493,"date":"2022-05-12T11:23:26","date_gmt":"2022-05-12T16:23:26","guid":{"rendered":"https:\/\/website.dev.stmtires.com\/shop\/sin categor\u00eda\/420-90r30-tl-radial-all-traction-fwd-r-1\/"},"modified":"2022-05-12T11:23:26","modified_gmt":"2022-05-12T16:23:26","slug":"420-90r30-tl-radial-todo-traccion-fwd-r-1","status":"publish","type":"product","link":"https:\/\/stmtires.com\/es\/shop\/firestone-es\/420-90r30-tl-radial-todo-traccion-fwd-r-1\/","title":{"rendered":"420\/90R30 TL RADIAL ALL TRACTION FWD R-1"},"content":{"rendered":"<p>Neum\u00e1tico radial agr\u00edcola R-1 dise\u00f1ado espec\u00edficamente para su uso en tractores mec\u00e1nicos de tracci\u00f3n delantera (MFWD).<\/p>\n","protected":false},"excerpt":{"rendered":"<p>Neum\u00e1tico radial agr\u00edcola R-1 dise\u00f1ado espec\u00edficamente para su uso en tractores mec\u00e1nicos de tracci\u00f3n delantera (MFWD).<\/p>\n","protected":false},"featured_media":0,"comment_status":"open","ping_status":"closed","template":"","meta":{"_acf_changed":false,"subheading":[]},"product_model":[25498],"product_brand":[15736],"product_cat":[26128,19288,19289,26129,19253],"product_tag":[],"class_list":{"0":"post-188493","1":"product","2":"type-product","3":"status-publish","5":"product_model-radial-all-traction-fwd-r-1-es","6":"product_brand-firestone-es","7":"product_cat-agricola","8":"product_cat-conducir","9":"product_cat-radial-es","10":"product_cat-tractor-es","11":"product_cat-uncategorized","12":"pa_tire-size-420-90r30-es","14":"first","15":"instock","16":"shipping-taxable","17":"purchasable","18":"product-type-simple"},"acf":[],"_links":{"self":[{"href":"https:\/\/stmtires.com\/es\/wp-json\/wp\/v2\/product\/188493","targetHints":{"allow":["GET"]}}],"collection":[{"href":"https:\/\/stmtires.com\/es\/wp-json\/wp\/v2\/product"}],"about":[{"href":"https:\/\/stmtires.com\/es\/wp-json\/wp\/v2\/types\/product"}],"replies":[{"embeddable":true,"href":"https:\/\/stmtires.com\/es\/wp-json\/wp\/v2\/comments?post=188493"}],"wp:attachment":[{"href":"https:\/\/stmtires.com\/es\/wp-json\/wp\/v2\/media?parent=188493"}],"wp:term":[{"taxonomy":"product_model","embeddable":true,"href":"https:\/\/stmtires.com\/es\/wp-json\/wp\/v2\/product_model?post=188493"},{"taxonomy":"product_brand","embeddable":true,"href":"https:\/\/stmtires.com\/es\/wp-json\/wp\/v2\/product_brand?post=188493"},{"taxonomy":"product_cat","embeddable":true,"href":"https:\/\/stmtires.com\/es\/wp-json\/wp\/v2\/product_cat?post=188493"},{"taxonomy":"product_tag","embeddable":true,"href":"https:\/\/stmtires.com\/es\/wp-json\/wp\/v2\/product_tag?post=188493"}],"curies":[{"name":"wp","href":"https:\/\/api.w.org\/{rel}","templated":true}]}}