{"id":188532,"date":"2022-05-12T10:22:30","date_gmt":"2022-05-12T15:22:30","guid":{"rendered":"https:\/\/website.dev.stmtires.com\/shop\/sin categor\u00eda\/420-75r20-ind-tl-xmcl\/"},"modified":"2022-05-12T10:22:30","modified_gmt":"2022-05-12T15:22:30","slug":"420-75r20-ind-tl-xmcl-2","status":"publish","type":"product","link":"https:\/\/stmtires.com\/es\/shop\/michelin-es\/420-75r20-ind-tl-xmcl-2\/","title":{"rendered":"420\/75R20 IND TL XMCL"},"content":{"rendered":"<p>Neum\u00e1tico agr\u00edcola R-4 dise\u00f1ado para su uso en una variedad de aplicaciones industriales y de construcci\u00f3n. Neum\u00e1tico de accionamiento vers\u00e1til para equipos de l\u00ednea compactos que incluyen retroexcavadoras, manipuladores telesc\u00f3picos y aplicaciones de tractores utilitarios.  <\/p>\n","protected":false},"excerpt":{"rendered":"<p>Neum\u00e1tico agr\u00edcola R-4 dise\u00f1ado para su uso en una variedad de aplicaciones industriales y de construcci\u00f3n. Neum\u00e1tico de accionamiento vers\u00e1til para equipos de l\u00ednea compactos que incluyen retroexcavadoras, manipuladores telesc\u00f3picos y aplicaciones de tractores utilitarios.<\/p>\n","protected":false},"featured_media":0,"comment_status":"open","ping_status":"closed","template":"","meta":{"_acf_changed":false,"subheading":[]},"product_model":[25338],"product_brand":[15734],"product_cat":[19309],"product_tag":[],"class_list":{"0":"post-188532","1":"product","2":"type-product","3":"status-publish","5":"product_model-xmcl-es","6":"product_brand-michelin-es","7":"product_cat-otr-construccion","8":"pa_tire-size-420-75r20-es","10":"first","11":"instock","12":"shipping-taxable","13":"purchasable","14":"product-type-simple"},"acf":[],"_links":{"self":[{"href":"https:\/\/stmtires.com\/es\/wp-json\/wp\/v2\/product\/188532","targetHints":{"allow":["GET"]}}],"collection":[{"href":"https:\/\/stmtires.com\/es\/wp-json\/wp\/v2\/product"}],"about":[{"href":"https:\/\/stmtires.com\/es\/wp-json\/wp\/v2\/types\/product"}],"replies":[{"embeddable":true,"href":"https:\/\/stmtires.com\/es\/wp-json\/wp\/v2\/comments?post=188532"}],"wp:attachment":[{"href":"https:\/\/stmtires.com\/es\/wp-json\/wp\/v2\/media?parent=188532"}],"wp:term":[{"taxonomy":"product_model","embeddable":true,"href":"https:\/\/stmtires.com\/es\/wp-json\/wp\/v2\/product_model?post=188532"},{"taxonomy":"product_brand","embeddable":true,"href":"https:\/\/stmtires.com\/es\/wp-json\/wp\/v2\/product_brand?post=188532"},{"taxonomy":"product_cat","embeddable":true,"href":"https:\/\/stmtires.com\/es\/wp-json\/wp\/v2\/product_cat?post=188532"},{"taxonomy":"product_tag","embeddable":true,"href":"https:\/\/stmtires.com\/es\/wp-json\/wp\/v2\/product_tag?post=188532"}],"curies":[{"name":"wp","href":"https:\/\/api.w.org\/{rel}","templated":true}]}}