{"id":188942,"date":"2022-05-12T16:18:17","date_gmt":"2022-05-12T21:18:17","guid":{"rendered":"https:\/\/website.dev.stmtires.com\/shop\/sin categor\u00eda\/4-50-10-b-servicio-agricola-rib-f-2\/"},"modified":"2022-05-12T16:18:17","modified_gmt":"2022-05-12T21:18:17","slug":"4-50-10-b-farm-service-rib-f-2-2","status":"publish","type":"product","link":"https:\/\/stmtires.com\/es\/shop\/bridgestone-es\/4-50-10-b-farm-service-rib-f-2-2\/","title":{"rendered":"4.50-10 B SERVICIO AGR\u00cdCOLA RIB F-2"},"content":{"rendered":"<p>Neum\u00e1tico delantero de 3 costillas para tractores agr\u00edcolas peque\u00f1os.<\/p>\n","protected":false},"excerpt":{"rendered":"<p>Neum\u00e1tico delantero de 3 costillas para tractores agr\u00edcolas peque\u00f1os.<\/p>\n","protected":false},"featured_media":0,"comment_status":"open","ping_status":"closed","template":"","meta":{"_acf_changed":false,"subheading":[]},"product_model":[25845],"product_brand":[],"product_cat":[26128,19324,16312,19323,26129,19253],"product_tag":[],"class_list":{"0":"post-188942","1":"product","2":"type-product","3":"status-publish","5":"product_model-farm-service-rib-es","6":"product_cat-agricola","7":"product_cat-costilla","8":"product_cat-rib","9":"product_cat-smartway-en-ingles","10":"product_cat-tractor-es","11":"product_cat-uncategorized","12":"pa_tire-size-4-5r10-es","14":"first","15":"instock","16":"shipping-taxable","17":"purchasable","18":"product-type-simple"},"acf":[],"_links":{"self":[{"href":"https:\/\/stmtires.com\/es\/wp-json\/wp\/v2\/product\/188942","targetHints":{"allow":["GET"]}}],"collection":[{"href":"https:\/\/stmtires.com\/es\/wp-json\/wp\/v2\/product"}],"about":[{"href":"https:\/\/stmtires.com\/es\/wp-json\/wp\/v2\/types\/product"}],"replies":[{"embeddable":true,"href":"https:\/\/stmtires.com\/es\/wp-json\/wp\/v2\/comments?post=188942"}],"wp:attachment":[{"href":"https:\/\/stmtires.com\/es\/wp-json\/wp\/v2\/media?parent=188942"}],"wp:term":[{"taxonomy":"product_model","embeddable":true,"href":"https:\/\/stmtires.com\/es\/wp-json\/wp\/v2\/product_model?post=188942"},{"taxonomy":"product_brand","embeddable":true,"href":"https:\/\/stmtires.com\/es\/wp-json\/wp\/v2\/product_brand?post=188942"},{"taxonomy":"product_cat","embeddable":true,"href":"https:\/\/stmtires.com\/es\/wp-json\/wp\/v2\/product_cat?post=188942"},{"taxonomy":"product_tag","embeddable":true,"href":"https:\/\/stmtires.com\/es\/wp-json\/wp\/v2\/product_tag?post=188942"}],"curies":[{"name":"wp","href":"https:\/\/api.w.org\/{rel}","templated":true}]}}