{"id":188944,"date":"2022-05-12T11:27:52","date_gmt":"2022-05-12T16:27:52","guid":{"rendered":"https:\/\/website.dev.stmtires.com\/shop\/sin categor\u00eda\/390-60d15-nhs-d-tl-duraforce-dt-minicargadora\/"},"modified":"2022-05-12T11:27:52","modified_gmt":"2022-05-12T16:27:52","slug":"390-60d15-nhs-d-tl-duraforce-dt-skid-steer-2","status":"publish","type":"product","link":"https:\/\/stmtires.com\/es\/shop\/firestone-es\/390-60d15-nhs-d-tl-duraforce-dt-skid-steer-2\/","title":{"rendered":"390\/60D15 NHS D TL DURAFORCE DT &#8211; MINICARGADORA"},"content":{"rendered":"<p>Neum\u00e1tico agricultural Bias Deep Tread Not For Highway Service (NHS) dise\u00f1ado espec\u00edficamente para minicargadoras y equipos de elevaci\u00f3n a\u00e9rea.<\/p>\n","protected":false},"excerpt":{"rendered":"<p>Neum\u00e1tico agricultural Bias Deep Tread Not For Highway Service (NHS) dise\u00f1ado espec\u00edficamente para minicargadoras y equipos de elevaci\u00f3n a\u00e9rea.<\/p>\n","protected":false},"featured_media":0,"comment_status":"open","ping_status":"closed","template":"","meta":{"_acf_changed":false,"subheading":[]},"product_model":[25488],"product_brand":[15736],"product_cat":[26128,19304,19321,19297,19355,19287,26129,19253],"product_tag":[],"class_list":{"0":"post-188944","1":"product","2":"type-product","3":"status-publish","5":"product_model-duraforce-dt-skid-steer-es","6":"product_brand-firestone-es","7":"product_cat-agricola","8":"product_cat-banda-de-rodadura-profunda","9":"product_cat-conducir-es","10":"product_cat-minicargadora","11":"product_cat-predisposicion","12":"product_cat-servicio-de-autopistas","13":"product_cat-tractor-es","14":"product_cat-uncategorized","15":"pa_tire-size-390-60r15-es","17":"first","18":"instock","19":"shipping-taxable","20":"purchasable","21":"product-type-simple"},"acf":[],"_links":{"self":[{"href":"https:\/\/stmtires.com\/es\/wp-json\/wp\/v2\/product\/188944","targetHints":{"allow":["GET"]}}],"collection":[{"href":"https:\/\/stmtires.com\/es\/wp-json\/wp\/v2\/product"}],"about":[{"href":"https:\/\/stmtires.com\/es\/wp-json\/wp\/v2\/types\/product"}],"replies":[{"embeddable":true,"href":"https:\/\/stmtires.com\/es\/wp-json\/wp\/v2\/comments?post=188944"}],"wp:attachment":[{"href":"https:\/\/stmtires.com\/es\/wp-json\/wp\/v2\/media?parent=188944"}],"wp:term":[{"taxonomy":"product_model","embeddable":true,"href":"https:\/\/stmtires.com\/es\/wp-json\/wp\/v2\/product_model?post=188944"},{"taxonomy":"product_brand","embeddable":true,"href":"https:\/\/stmtires.com\/es\/wp-json\/wp\/v2\/product_brand?post=188944"},{"taxonomy":"product_cat","embeddable":true,"href":"https:\/\/stmtires.com\/es\/wp-json\/wp\/v2\/product_cat?post=188944"},{"taxonomy":"product_tag","embeddable":true,"href":"https:\/\/stmtires.com\/es\/wp-json\/wp\/v2\/product_tag?post=188944"}],"curies":[{"name":"wp","href":"https:\/\/api.w.org\/{rel}","templated":true}]}}