{"id":188989,"date":"2022-05-12T16:17:32","date_gmt":"2022-05-12T21:17:32","guid":{"rendered":"https:\/\/website.dev.stmtires.com\/shop\/sin categor\u00eda\/385-95r25-3-tl-vsw-g-2\/"},"modified":"2022-05-12T16:17:32","modified_gmt":"2022-05-12T21:17:32","slug":"385-95r25-3-tl-vsw-g-2-2","status":"publish","type":"product","link":"https:\/\/stmtires.com\/es\/shop\/bridgestone-es\/385-95r25-3-tl-vsw-g-2-2\/","title":{"rendered":"385\/95R25 3* TL VSW G-2"},"content":{"rendered":"<p>Neum\u00e1tico radial OTR Earthmover (E-2), grader (G-2) y loader (L-2) especialmente desarrollado para m\u00e1quinas utilizadas en trabajos de remoci\u00f3n de nieve.<\/p>\n","protected":false},"excerpt":{"rendered":"<p>Neum\u00e1tico radial OTR Earthmover (E-2), grader (G-2) y loader (L-2) especialmente desarrollado para m\u00e1quinas utilizadas en trabajos de remoci\u00f3n de nieve.<\/p>\n","protected":false},"featured_media":0,"comment_status":"open","ping_status":"closed","template":"","meta":{"_acf_changed":false,"subheading":[]},"product_model":[25832],"product_brand":[],"product_cat":[19289,19253],"product_tag":[],"class_list":{"0":"post-188989","1":"product","2":"type-product","3":"status-publish","5":"product_model-vsw-v-steel-snow-wedge-es","6":"product_cat-radial-es","7":"product_cat-uncategorized","8":"pa_tire-size-385-95r25-es","10":"first","11":"instock","12":"shipping-taxable","13":"purchasable","14":"product-type-simple"},"acf":[],"_links":{"self":[{"href":"https:\/\/stmtires.com\/es\/wp-json\/wp\/v2\/product\/188989","targetHints":{"allow":["GET"]}}],"collection":[{"href":"https:\/\/stmtires.com\/es\/wp-json\/wp\/v2\/product"}],"about":[{"href":"https:\/\/stmtires.com\/es\/wp-json\/wp\/v2\/types\/product"}],"replies":[{"embeddable":true,"href":"https:\/\/stmtires.com\/es\/wp-json\/wp\/v2\/comments?post=188989"}],"wp:attachment":[{"href":"https:\/\/stmtires.com\/es\/wp-json\/wp\/v2\/media?parent=188989"}],"wp:term":[{"taxonomy":"product_model","embeddable":true,"href":"https:\/\/stmtires.com\/es\/wp-json\/wp\/v2\/product_model?post=188989"},{"taxonomy":"product_brand","embeddable":true,"href":"https:\/\/stmtires.com\/es\/wp-json\/wp\/v2\/product_brand?post=188989"},{"taxonomy":"product_cat","embeddable":true,"href":"https:\/\/stmtires.com\/es\/wp-json\/wp\/v2\/product_cat?post=188989"},{"taxonomy":"product_tag","embeddable":true,"href":"https:\/\/stmtires.com\/es\/wp-json\/wp\/v2\/product_tag?post=188989"}],"curies":[{"name":"wp","href":"https:\/\/api.w.org\/{rel}","templated":true}]}}