{"id":189068,"date":"2022-05-12T10:22:20","date_gmt":"2022-05-12T15:22:20","guid":{"rendered":"https:\/\/website.dev.stmtires.com\/shop\/sin categor\u00eda\/385-65r22-5-j-st565-base-ancha\/"},"modified":"2022-05-12T10:22:20","modified_gmt":"2022-05-12T15:22:20","slug":"385-65r22-5-j-st565-wide-base-2","status":"publish","type":"product","link":"https:\/\/stmtires.com\/es\/shop\/bfgoodrich-es\/385-65r22-5-j-st565-wide-base-2\/","title":{"rendered":"385\/65R22.5 J ST565 BASE ANCHA"},"content":{"rendered":"<p>Cami\u00f3n\/Autob\u00fas Comercial. Cami\u00f3n de servicio mediano Neum\u00e1tico radial de base ancha de posici\u00f3n completa optimizado para ayudar a soportar el rigor de las aplicaciones on\/off road<\/p>\n","protected":false},"excerpt":{"rendered":"<p>Cami\u00f3n\/Autob\u00fas Comercial. Cami\u00f3n de servicio mediano Neum\u00e1tico radial de base ancha de posici\u00f3n completa optimizado para ayudar a soportar el rigor de las aplicaciones on\/off road<\/p>\n","protected":false},"featured_media":225612,"comment_status":"open","ping_status":"closed","template":"","meta":{"_acf_changed":false,"subheading":[]},"product_model":[25336],"product_brand":[15735],"product_cat":[19321],"product_tag":[],"class_list":{"0":"post-189068","1":"product","2":"type-product","3":"status-publish","4":"has-post-thumbnail","6":"product_model-st565-wide-base-es","7":"product_brand-bfgoodrich-es","8":"product_cat-conducir-es","9":"pa_tire-size-385-65r22-5-es","11":"first","12":"instock","13":"shipping-taxable","14":"purchasable","15":"product-type-simple"},"acf":[],"_links":{"self":[{"href":"https:\/\/stmtires.com\/es\/wp-json\/wp\/v2\/product\/189068","targetHints":{"allow":["GET"]}}],"collection":[{"href":"https:\/\/stmtires.com\/es\/wp-json\/wp\/v2\/product"}],"about":[{"href":"https:\/\/stmtires.com\/es\/wp-json\/wp\/v2\/types\/product"}],"replies":[{"embeddable":true,"href":"https:\/\/stmtires.com\/es\/wp-json\/wp\/v2\/comments?post=189068"}],"wp:featuredmedia":[{"embeddable":true,"href":"https:\/\/stmtires.com\/es\/wp-json\/wp\/v2\/media\/225612"}],"wp:attachment":[{"href":"https:\/\/stmtires.com\/es\/wp-json\/wp\/v2\/media?parent=189068"}],"wp:term":[{"taxonomy":"product_model","embeddable":true,"href":"https:\/\/stmtires.com\/es\/wp-json\/wp\/v2\/product_model?post=189068"},{"taxonomy":"product_brand","embeddable":true,"href":"https:\/\/stmtires.com\/es\/wp-json\/wp\/v2\/product_brand?post=189068"},{"taxonomy":"product_cat","embeddable":true,"href":"https:\/\/stmtires.com\/es\/wp-json\/wp\/v2\/product_cat?post=189068"},{"taxonomy":"product_tag","embeddable":true,"href":"https:\/\/stmtires.com\/es\/wp-json\/wp\/v2\/product_tag?post=189068"}],"curies":[{"name":"wp","href":"https:\/\/api.w.org\/{rel}","templated":true}]}}