{"id":189096,"date":"2022-05-12T16:09:10","date_gmt":"2022-05-12T21:09:10","guid":{"rendered":"https:\/\/website.dev.stmtires.com\/shop\/sin categor\u00eda\/385-95r25-3-tl-vsb-e-2\/"},"modified":"2022-05-12T16:09:10","modified_gmt":"2022-05-12T21:09:10","slug":"385-95r25-3-tl-vsb-e-2-2","status":"publish","type":"product","link":"https:\/\/stmtires.com\/es\/shop\/bridgestone-es\/385-95r25-3-tl-vsb-e-2-2\/","title":{"rendered":"385\/95R25 3* TL VSB E-2"},"content":{"rendered":"<p>Neum\u00e1tico de tracci\u00f3n radial OTR Earthmover E-2. Dise\u00f1ado para aplicaciones de servicio pesado como registro, miner\u00eda multiprop\u00f3sito y eje pesado.<\/p>\n","protected":false},"excerpt":{"rendered":"<p>Neum\u00e1tico de tracci\u00f3n radial OTR Earthmover E-2. Dise\u00f1ado para aplicaciones de servicio pesado como registro, miner\u00eda multiprop\u00f3sito y eje pesado.<\/p>\n","protected":false},"featured_media":0,"comment_status":"open","ping_status":"closed","template":"","meta":{"_acf_changed":false,"subheading":[]},"product_model":[22919],"product_brand":[],"product_cat":[19313,19289,19253],"product_tag":[],"class_list":{"0":"post-189096","1":"product","2":"type-product","3":"status-publish","5":"product_model-vsb-v-steel-s-block-es","6":"product_cat-mineria","7":"product_cat-radial-es","8":"product_cat-uncategorized","9":"pa_tire-size-385-95r25-es","11":"first","12":"instock","13":"shipping-taxable","14":"purchasable","15":"product-type-simple"},"acf":[],"_links":{"self":[{"href":"https:\/\/stmtires.com\/es\/wp-json\/wp\/v2\/product\/189096","targetHints":{"allow":["GET"]}}],"collection":[{"href":"https:\/\/stmtires.com\/es\/wp-json\/wp\/v2\/product"}],"about":[{"href":"https:\/\/stmtires.com\/es\/wp-json\/wp\/v2\/types\/product"}],"replies":[{"embeddable":true,"href":"https:\/\/stmtires.com\/es\/wp-json\/wp\/v2\/comments?post=189096"}],"wp:attachment":[{"href":"https:\/\/stmtires.com\/es\/wp-json\/wp\/v2\/media?parent=189096"}],"wp:term":[{"taxonomy":"product_model","embeddable":true,"href":"https:\/\/stmtires.com\/es\/wp-json\/wp\/v2\/product_model?post=189096"},{"taxonomy":"product_brand","embeddable":true,"href":"https:\/\/stmtires.com\/es\/wp-json\/wp\/v2\/product_brand?post=189096"},{"taxonomy":"product_cat","embeddable":true,"href":"https:\/\/stmtires.com\/es\/wp-json\/wp\/v2\/product_cat?post=189096"},{"taxonomy":"product_tag","embeddable":true,"href":"https:\/\/stmtires.com\/es\/wp-json\/wp\/v2\/product_tag?post=189096"}],"curies":[{"name":"wp","href":"https:\/\/api.w.org\/{rel}","templated":true}]}}