{"id":189106,"date":"2022-05-12T16:11:41","date_gmt":"2022-05-12T21:11:41","guid":{"rendered":"https:\/\/website.dev.stmtires.com\/shop\/sin categor\u00eda\/385-95r24-3-tt-vhs-e-2\/"},"modified":"2022-05-12T16:11:41","modified_gmt":"2022-05-12T21:11:41","slug":"385-95r24-3-tt-vhs-e-2-2","status":"publish","type":"product","link":"https:\/\/stmtires.com\/es\/shop\/bridgestone-es\/385-95r24-3-tt-vhs-e-2-2\/","title":{"rendered":"385\/95R24 3* TT VHS E-2"},"content":{"rendered":"<p>Neum\u00e1tico de tracci\u00f3n radial OTR Earthmover E-2 dise\u00f1ado espec\u00edficamente para gr\u00faas m\u00f3viles y aplicaciones de servicio de alta velocidad.<\/p>\n","protected":false},"excerpt":{"rendered":"<p>Neum\u00e1tico de tracci\u00f3n radial OTR Earthmover E-2 dise\u00f1ado espec\u00edficamente para gr\u00faas m\u00f3viles y aplicaciones de servicio de alta velocidad.<\/p>\n","protected":false},"featured_media":0,"comment_status":"open","ping_status":"closed","template":"","meta":{"_acf_changed":false,"subheading":[]},"product_model":[22904],"product_brand":[],"product_cat":[19289,19253],"product_tag":[],"class_list":{"0":"post-189106","1":"product","2":"type-product","3":"status-publish","5":"product_model-vhs-v-steel-high-speed-service-es","6":"product_cat-radial-es","7":"product_cat-uncategorized","8":"pa_tire-size-385-95r24-es","10":"first","11":"instock","12":"shipping-taxable","13":"purchasable","14":"product-type-simple"},"acf":[],"_links":{"self":[{"href":"https:\/\/stmtires.com\/es\/wp-json\/wp\/v2\/product\/189106","targetHints":{"allow":["GET"]}}],"collection":[{"href":"https:\/\/stmtires.com\/es\/wp-json\/wp\/v2\/product"}],"about":[{"href":"https:\/\/stmtires.com\/es\/wp-json\/wp\/v2\/types\/product"}],"replies":[{"embeddable":true,"href":"https:\/\/stmtires.com\/es\/wp-json\/wp\/v2\/comments?post=189106"}],"wp:attachment":[{"href":"https:\/\/stmtires.com\/es\/wp-json\/wp\/v2\/media?parent=189106"}],"wp:term":[{"taxonomy":"product_model","embeddable":true,"href":"https:\/\/stmtires.com\/es\/wp-json\/wp\/v2\/product_model?post=189106"},{"taxonomy":"product_brand","embeddable":true,"href":"https:\/\/stmtires.com\/es\/wp-json\/wp\/v2\/product_brand?post=189106"},{"taxonomy":"product_cat","embeddable":true,"href":"https:\/\/stmtires.com\/es\/wp-json\/wp\/v2\/product_cat?post=189106"},{"taxonomy":"product_tag","embeddable":true,"href":"https:\/\/stmtires.com\/es\/wp-json\/wp\/v2\/product_tag?post=189106"}],"curies":[{"name":"wp","href":"https:\/\/api.w.org\/{rel}","templated":true}]}}