{"id":189170,"date":"2022-05-12T11:25:00","date_gmt":"2022-05-12T16:25:00","guid":{"rendered":"https:\/\/website.dev.stmtires.com\/shop\/sin categor\u00eda\/385-65r22-5-j-t839\/"},"modified":"2022-05-12T11:25:00","modified_gmt":"2022-05-12T16:25:00","slug":"385-65r22-5-j-t839-2","status":"publish","type":"product","link":"https:\/\/stmtires.com\/es\/shop\/firestone-es\/385-65r22-5-j-t839-2\/","title":{"rendered":"385\/65R22.5 J T839"},"content":{"rendered":"<p>Cami\u00f3n\/Autob\u00fas Comercial. Cami\u00f3n de servicio mediano De base ancha de posici\u00f3n ancha radial recomendado para la direcci\u00f3n, la conducci\u00f3n y la posici\u00f3n del remolque en el servicio dentro \/ fuera de la carretera.<\/p>\n","protected":false},"excerpt":{"rendered":"<p>Cami\u00f3n\/Autob\u00fas Comercial. Cami\u00f3n de servicio mediano De base ancha de posici\u00f3n ancha radial recomendado para la direcci\u00f3n, la conducci\u00f3n y la posici\u00f3n del remolque en el servicio dentro \/ fuera de la carretera.<\/p>\n","protected":false},"featured_media":225820,"comment_status":"open","ping_status":"closed","template":"","meta":{"_acf_changed":false,"subheading":[]},"product_model":[25536],"product_brand":[15736],"product_cat":[19286,19321,19288,16272,19336,19289,19287,19301,19316,19253],"product_tag":[],"class_list":{"0":"post-189170","1":"product","2":"type-product","3":"status-publish","4":"has-post-thumbnail","6":"product_model-t839-radial-es","7":"product_brand-firestone-es","8":"product_cat-camion-autobus-comercial","9":"product_cat-conducir-es","10":"product_cat-conducir","11":"product_cat-on-off-highway-service","12":"product_cat-posicion-del-remolque","13":"product_cat-radial-es","14":"product_cat-servicio-de-autopistas","15":"product_cat-servicio-on-off-highway","16":"product_cat-todas-las-posiciones","17":"product_cat-uncategorized","18":"pa_tire-size-385-65r22-5-es","20":"first","21":"instock","22":"shipping-taxable","23":"purchasable","24":"product-type-simple"},"acf":[],"_links":{"self":[{"href":"https:\/\/stmtires.com\/es\/wp-json\/wp\/v2\/product\/189170","targetHints":{"allow":["GET"]}}],"collection":[{"href":"https:\/\/stmtires.com\/es\/wp-json\/wp\/v2\/product"}],"about":[{"href":"https:\/\/stmtires.com\/es\/wp-json\/wp\/v2\/types\/product"}],"replies":[{"embeddable":true,"href":"https:\/\/stmtires.com\/es\/wp-json\/wp\/v2\/comments?post=189170"}],"wp:featuredmedia":[{"embeddable":true,"href":"https:\/\/stmtires.com\/es\/wp-json\/wp\/v2\/media\/225820"}],"wp:attachment":[{"href":"https:\/\/stmtires.com\/es\/wp-json\/wp\/v2\/media?parent=189170"}],"wp:term":[{"taxonomy":"product_model","embeddable":true,"href":"https:\/\/stmtires.com\/es\/wp-json\/wp\/v2\/product_model?post=189170"},{"taxonomy":"product_brand","embeddable":true,"href":"https:\/\/stmtires.com\/es\/wp-json\/wp\/v2\/product_brand?post=189170"},{"taxonomy":"product_cat","embeddable":true,"href":"https:\/\/stmtires.com\/es\/wp-json\/wp\/v2\/product_cat?post=189170"},{"taxonomy":"product_tag","embeddable":true,"href":"https:\/\/stmtires.com\/es\/wp-json\/wp\/v2\/product_tag?post=189170"}],"curies":[{"name":"wp","href":"https:\/\/api.w.org\/{rel}","templated":true}]}}