{"id":189217,"date":"2022-05-12T11:27:58","date_gmt":"2022-05-12T16:27:58","guid":{"rendered":"https:\/\/website.dev.stmtires.com\/shop\/sin categor\u00eda\/385-65d19-5nhs-f-tl-duraforce-nd-ag\/"},"modified":"2022-05-12T11:27:58","modified_gmt":"2022-05-12T16:27:58","slug":"385-65d19-5nhs-f-tl-duraforce-nd-ag-2","status":"publish","type":"product","link":"https:\/\/stmtires.com\/es\/shop\/firestone-es\/385-65d19-5nhs-f-tl-duraforce-nd-ag-2\/","title":{"rendered":"385\/65D19.5NHS F TL DURAFORCE ND (AG)"},"content":{"rendered":"<p>Neum\u00e1tico de sesgo agr\u00edcola con banda de rodadura de tracci\u00f3n no direccional construida para condiciones de servicio severas y dise\u00f1ada para equipos de carga deslizante, a\u00e9rea y retroexcavadora.<\/p>\n","protected":false},"excerpt":{"rendered":"<p>Neum\u00e1tico de sesgo agr\u00edcola con banda de rodadura de tracci\u00f3n no direccional construida para condiciones de servicio severas y dise\u00f1ada para equipos de carga deslizante, a\u00e9rea y retroexcavadora.<\/p>\n","protected":false},"featured_media":0,"comment_status":"open","ping_status":"closed","template":"","meta":{"_acf_changed":false,"subheading":[]},"product_model":[25664],"product_brand":[15736],"product_cat":[26128,19322,19355,19298,19253],"product_tag":[],"class_list":{"0":"post-189217","1":"product","2":"type-product","3":"status-publish","5":"product_model-duraforce-nd-ag-es","6":"product_brand-firestone-es","7":"product_cat-agricola","8":"product_cat-direccional","9":"product_cat-predisposicion","10":"product_cat-suave","11":"product_cat-uncategorized","12":"pa_tire-size-385-65r19-5-es","14":"first","15":"instock","16":"shipping-taxable","17":"purchasable","18":"product-type-simple"},"acf":[],"_links":{"self":[{"href":"https:\/\/stmtires.com\/es\/wp-json\/wp\/v2\/product\/189217","targetHints":{"allow":["GET"]}}],"collection":[{"href":"https:\/\/stmtires.com\/es\/wp-json\/wp\/v2\/product"}],"about":[{"href":"https:\/\/stmtires.com\/es\/wp-json\/wp\/v2\/types\/product"}],"replies":[{"embeddable":true,"href":"https:\/\/stmtires.com\/es\/wp-json\/wp\/v2\/comments?post=189217"}],"wp:attachment":[{"href":"https:\/\/stmtires.com\/es\/wp-json\/wp\/v2\/media?parent=189217"}],"wp:term":[{"taxonomy":"product_model","embeddable":true,"href":"https:\/\/stmtires.com\/es\/wp-json\/wp\/v2\/product_model?post=189217"},{"taxonomy":"product_brand","embeddable":true,"href":"https:\/\/stmtires.com\/es\/wp-json\/wp\/v2\/product_brand?post=189217"},{"taxonomy":"product_cat","embeddable":true,"href":"https:\/\/stmtires.com\/es\/wp-json\/wp\/v2\/product_cat?post=189217"},{"taxonomy":"product_tag","embeddable":true,"href":"https:\/\/stmtires.com\/es\/wp-json\/wp\/v2\/product_tag?post=189217"}],"curies":[{"name":"wp","href":"https:\/\/api.w.org\/{rel}","templated":true}]}}