{"id":189224,"date":"2022-05-12T11:36:17","date_gmt":"2022-05-12T16:36:17","guid":{"rendered":"https:\/\/website.dev.stmtires.com\/shop\/sin categor\u00eda\/385-65r22-5-l-xte2-wb\/"},"modified":"2022-05-12T11:36:17","modified_gmt":"2022-05-12T16:36:17","slug":"385-65r22-5-l-xte2-wb-2","status":"publish","type":"product","link":"https:\/\/stmtires.com\/es\/shop\/michelin-es\/385-65r22-5-l-xte2-wb-2\/","title":{"rendered":"385\/65R22.5 L XTE2 WB"},"content":{"rendered":"<p>Cami\u00f3n\/Autob\u00fas Comercial. Cami\u00f3n de servicio mediano De posici\u00f3n en las ruedas Neum\u00e1tico radial de base ancha Dise\u00f1ado para ofrecer un alto kilometraje y un viaje silencioso en aplicaciones pesadas del eje delantero.<\/p>\n","protected":false},"excerpt":{"rendered":"<p>Cami\u00f3n\/Autob\u00fas Comercial. Cami\u00f3n de servicio mediano De posici\u00f3n en las ruedas Neum\u00e1tico radial de base ancha Dise\u00f1ado para ofrecer un alto kilometraje y un viaje silencioso en aplicaciones pesadas del eje delantero.<\/p>\n","protected":false},"featured_media":225413,"comment_status":"open","ping_status":"closed","template":"","meta":{"_acf_changed":false,"subheading":[]},"product_model":[25302],"product_brand":[15734],"product_cat":[19253],"product_tag":[],"class_list":{"0":"post-189224","1":"product","2":"type-product","3":"status-publish","4":"has-post-thumbnail","6":"product_model-xte2-wide-base-es","7":"product_brand-michelin-es","8":"product_cat-uncategorized","9":"pa_tire-size-385-65r22-5-es","11":"first","12":"instock","13":"shipping-taxable","14":"purchasable","15":"product-type-simple"},"acf":[],"_links":{"self":[{"href":"https:\/\/stmtires.com\/es\/wp-json\/wp\/v2\/product\/189224","targetHints":{"allow":["GET"]}}],"collection":[{"href":"https:\/\/stmtires.com\/es\/wp-json\/wp\/v2\/product"}],"about":[{"href":"https:\/\/stmtires.com\/es\/wp-json\/wp\/v2\/types\/product"}],"replies":[{"embeddable":true,"href":"https:\/\/stmtires.com\/es\/wp-json\/wp\/v2\/comments?post=189224"}],"wp:featuredmedia":[{"embeddable":true,"href":"https:\/\/stmtires.com\/es\/wp-json\/wp\/v2\/media\/225413"}],"wp:attachment":[{"href":"https:\/\/stmtires.com\/es\/wp-json\/wp\/v2\/media?parent=189224"}],"wp:term":[{"taxonomy":"product_model","embeddable":true,"href":"https:\/\/stmtires.com\/es\/wp-json\/wp\/v2\/product_model?post=189224"},{"taxonomy":"product_brand","embeddable":true,"href":"https:\/\/stmtires.com\/es\/wp-json\/wp\/v2\/product_brand?post=189224"},{"taxonomy":"product_cat","embeddable":true,"href":"https:\/\/stmtires.com\/es\/wp-json\/wp\/v2\/product_cat?post=189224"},{"taxonomy":"product_tag","embeddable":true,"href":"https:\/\/stmtires.com\/es\/wp-json\/wp\/v2\/product_tag?post=189224"}],"curies":[{"name":"wp","href":"https:\/\/api.w.org\/{rel}","templated":true}]}}