{"id":189227,"date":"2022-05-12T11:40:13","date_gmt":"2022-05-12T16:40:13","guid":{"rendered":"https:\/\/website.dev.stmtires.com\/shop\/sin categor\u00eda\/380-85d24-14-9-24-c-campeon-hydro-nd-r-1\/"},"modified":"2022-05-12T11:40:13","modified_gmt":"2022-05-12T16:40:13","slug":"380-85d24-14-9-24-c-campeon-hidro-nd-r-1","status":"publish","type":"product","link":"https:\/\/stmtires.com\/es\/shop\/firestone-es\/380-85d24-14-9-24-c-campeon-hidro-nd-r-1\/","title":{"rendered":"380\/85D24 (14.9-24) C CAMPE\u00d3N HYDRO ND R-1"},"content":{"rendered":"<p>Neum\u00e1tico Agricultural Bias R-1 Rear Tractor Drive. Dise\u00f1ado espec\u00edficamente para sistemas de riego lineal y pivotante con un patr\u00f3n de banda de rodadura no direccional para una tracci\u00f3n igual en direcci\u00f3n hacia adelante y hacia atr\u00e1s.<\/p>\n","protected":false},"excerpt":{"rendered":"<p>Neum\u00e1tico Agricultural Bias R-1 Rear Tractor Drive. Dise\u00f1ado espec\u00edficamente para sistemas de riego lineal y pivotante con un patr\u00f3n de banda de rodadura no direccional para una tracci\u00f3n igual en direcci\u00f3n hacia adelante y hacia atr\u00e1s.<\/p>\n","protected":false},"featured_media":0,"comment_status":"open","ping_status":"closed","template":"","meta":{"_acf_changed":false,"subheading":[]},"product_model":[25510],"product_brand":[15736],"product_cat":[26128,19288,19322,16289,19355,26129,19253],"product_tag":[],"class_list":{"0":"post-189227","1":"product","2":"type-product","3":"status-publish","5":"product_model-champion-hydro-nd-r-1-es","6":"product_brand-firestone-es","7":"product_cat-agricola","8":"product_cat-conducir","9":"product_cat-direccional","10":"product_cat-directional","11":"product_cat-predisposicion","12":"product_cat-tractor-es","13":"product_cat-uncategorized","14":"pa_tire-size-380-85r24-es","16":"first","17":"instock","18":"shipping-taxable","19":"purchasable","20":"product-type-simple"},"acf":[],"_links":{"self":[{"href":"https:\/\/stmtires.com\/es\/wp-json\/wp\/v2\/product\/189227","targetHints":{"allow":["GET"]}}],"collection":[{"href":"https:\/\/stmtires.com\/es\/wp-json\/wp\/v2\/product"}],"about":[{"href":"https:\/\/stmtires.com\/es\/wp-json\/wp\/v2\/types\/product"}],"replies":[{"embeddable":true,"href":"https:\/\/stmtires.com\/es\/wp-json\/wp\/v2\/comments?post=189227"}],"wp:attachment":[{"href":"https:\/\/stmtires.com\/es\/wp-json\/wp\/v2\/media?parent=189227"}],"wp:term":[{"taxonomy":"product_model","embeddable":true,"href":"https:\/\/stmtires.com\/es\/wp-json\/wp\/v2\/product_model?post=189227"},{"taxonomy":"product_brand","embeddable":true,"href":"https:\/\/stmtires.com\/es\/wp-json\/wp\/v2\/product_brand?post=189227"},{"taxonomy":"product_cat","embeddable":true,"href":"https:\/\/stmtires.com\/es\/wp-json\/wp\/v2\/product_cat?post=189227"},{"taxonomy":"product_tag","embeddable":true,"href":"https:\/\/stmtires.com\/es\/wp-json\/wp\/v2\/product_tag?post=189227"}],"curies":[{"name":"wp","href":"https:\/\/api.w.org\/{rel}","templated":true}]}}