{"id":189239,"date":"2022-05-12T10:22:29","date_gmt":"2022-05-12T15:22:29","guid":{"rendered":"https:\/\/website.dev.stmtires.com\/shop\/sin categor\u00eda\/385-55r225-xte2\/"},"modified":"2022-05-12T10:22:29","modified_gmt":"2022-05-12T15:22:29","slug":"385-55r22-5-xte2-2","status":"publish","type":"product","link":"https:\/\/stmtires.com\/es\/shop\/michelin-es\/385-55r22-5-xte2-2\/","title":{"rendered":"385\/55R22,5 XTE2"},"content":{"rendered":"<p>Cami\u00f3n\/Autob\u00fas Comercial. Neum\u00e1tico de posici\u00f3n de remolque de di\u00e1metro peque\u00f1o para camiones de servicio mediano dise\u00f1ado para soportar las demandas del servicio de ejes de alta frega y extensi\u00f3n en remolques de plataforma baja y especiales en aplicaciones regionales y de transporte de l\u00ednea.<\/p>\n","protected":false},"excerpt":{"rendered":"<p>Cami\u00f3n\/Autob\u00fas Comercial. Neum\u00e1tico de posici\u00f3n de remolque de di\u00e1metro peque\u00f1o para camiones de servicio mediano dise\u00f1ado para soportar las demandas del servicio de ejes de alta frega y extensi\u00f3n en remolques de plataforma baja y especiales en aplicaciones regionales y de transporte de l\u00ednea.<\/p>\n","protected":false},"featured_media":0,"comment_status":"open","ping_status":"closed","template":"","meta":{"_acf_changed":false,"subheading":[]},"product_model":[25330],"product_brand":[15734],"product_cat":[],"product_tag":[],"class_list":{"0":"post-189239","1":"product","2":"type-product","3":"status-publish","5":"product_model-xte2-es","6":"product_brand-michelin-es","7":"pa_tire-size-385-55r22-5-es","9":"first","10":"instock","11":"shipping-taxable","12":"purchasable","13":"product-type-simple"},"acf":[],"_links":{"self":[{"href":"https:\/\/stmtires.com\/es\/wp-json\/wp\/v2\/product\/189239","targetHints":{"allow":["GET"]}}],"collection":[{"href":"https:\/\/stmtires.com\/es\/wp-json\/wp\/v2\/product"}],"about":[{"href":"https:\/\/stmtires.com\/es\/wp-json\/wp\/v2\/types\/product"}],"replies":[{"embeddable":true,"href":"https:\/\/stmtires.com\/es\/wp-json\/wp\/v2\/comments?post=189239"}],"wp:attachment":[{"href":"https:\/\/stmtires.com\/es\/wp-json\/wp\/v2\/media?parent=189239"}],"wp:term":[{"taxonomy":"product_model","embeddable":true,"href":"https:\/\/stmtires.com\/es\/wp-json\/wp\/v2\/product_model?post=189239"},{"taxonomy":"product_brand","embeddable":true,"href":"https:\/\/stmtires.com\/es\/wp-json\/wp\/v2\/product_brand?post=189239"},{"taxonomy":"product_cat","embeddable":true,"href":"https:\/\/stmtires.com\/es\/wp-json\/wp\/v2\/product_cat?post=189239"},{"taxonomy":"product_tag","embeddable":true,"href":"https:\/\/stmtires.com\/es\/wp-json\/wp\/v2\/product_tag?post=189239"}],"curies":[{"name":"wp","href":"https:\/\/api.w.org\/{rel}","templated":true}]}}