{"id":189269,"date":"2022-05-12T11:34:25","date_gmt":"2022-05-12T16:34:25","guid":{"rendered":"https:\/\/website.dev.stmtires.com\/shop\/sin categor\u00eda\/385-65r22-5-j-tl-m320-base-ancha\/"},"modified":"2022-05-12T11:34:25","modified_gmt":"2022-05-12T16:34:25","slug":"385-65r22-5-j-tl-m320-wide-base-2","status":"publish","type":"product","link":"https:\/\/stmtires.com\/es\/shop\/toyo-es\/385-65r22-5-j-tl-m320-wide-base-2\/","title":{"rendered":"385\/65R22.5 J TL M320 BASE ANCHA"},"content":{"rendered":"<p>Cami\u00f3n\/Autob\u00fas Comercial. Cami\u00f3n de servicio mediano on \/ off road de base ancha radial de carretera dise\u00f1ado para aplicaciones dif\u00edciles, como hormigoneras, camiones de volteo y camiones de basura. Este neum\u00e1tico de perfil bajo es ideal para uso en todas las posiciones.<\/p>\n","protected":false},"excerpt":{"rendered":"<p>Cami\u00f3n\/Autob\u00fas Comercial. Cami\u00f3n de servicio mediano on \/ off road de base ancha radial de carretera dise\u00f1ado para aplicaciones dif\u00edciles, como hormigoneras, camiones de volteo y camiones de basura. Este neum\u00e1tico de perfil bajo es ideal para uso en todas las posiciones.<\/p>\n","protected":false},"featured_media":106375,"comment_status":"open","ping_status":"closed","template":"","meta":{"_acf_changed":false,"subheading":[]},"product_model":[25281],"product_brand":[15760],"product_cat":[23763,19253],"product_tag":[],"class_list":{"0":"post-189269","1":"product","2":"type-product","3":"status-publish","4":"has-post-thumbnail","6":"product_model-m320-wide-base-es","7":"product_brand-toyo-es","8":"product_cat-uncategorized-es","9":"product_cat-uncategorized","10":"pa_tire-size-385-65r22-5-es","12":"first","13":"instock","14":"shipping-taxable","15":"purchasable","16":"product-type-simple"},"acf":[],"_links":{"self":[{"href":"https:\/\/stmtires.com\/es\/wp-json\/wp\/v2\/product\/189269","targetHints":{"allow":["GET"]}}],"collection":[{"href":"https:\/\/stmtires.com\/es\/wp-json\/wp\/v2\/product"}],"about":[{"href":"https:\/\/stmtires.com\/es\/wp-json\/wp\/v2\/types\/product"}],"replies":[{"embeddable":true,"href":"https:\/\/stmtires.com\/es\/wp-json\/wp\/v2\/comments?post=189269"}],"wp:featuredmedia":[{"embeddable":true,"href":"https:\/\/stmtires.com\/es\/wp-json\/wp\/v2\/media\/106375"}],"wp:attachment":[{"href":"https:\/\/stmtires.com\/es\/wp-json\/wp\/v2\/media?parent=189269"}],"wp:term":[{"taxonomy":"product_model","embeddable":true,"href":"https:\/\/stmtires.com\/es\/wp-json\/wp\/v2\/product_model?post=189269"},{"taxonomy":"product_brand","embeddable":true,"href":"https:\/\/stmtires.com\/es\/wp-json\/wp\/v2\/product_brand?post=189269"},{"taxonomy":"product_cat","embeddable":true,"href":"https:\/\/stmtires.com\/es\/wp-json\/wp\/v2\/product_cat?post=189269"},{"taxonomy":"product_tag","embeddable":true,"href":"https:\/\/stmtires.com\/es\/wp-json\/wp\/v2\/product_tag?post=189269"}],"curies":[{"name":"wp","href":"https:\/\/api.w.org\/{rel}","templated":true}]}}