{"id":189484,"date":"2022-05-12T10:21:55","date_gmt":"2022-05-12T15:21:55","guid":{"rendered":"https:\/\/website.dev.stmtires.com\/shop\/sin categor\u00eda\/base-ancha-365-80r20-l-xte2\/"},"modified":"2022-05-12T10:21:55","modified_gmt":"2022-05-12T15:21:55","slug":"365-80r20-l-xte2-wide-base-2","status":"publish","type":"product","link":"https:\/\/stmtires.com\/es\/shop\/michelin-es\/365-80r20-l-xte2-wide-base-2\/","title":{"rendered":"BASE ANCHA 365\/80R20 L XTE2"},"content":{"rendered":"<p>Cami\u00f3n\/Autob\u00fas Comercial. Cami\u00f3n de servicio mediano De posici\u00f3n en las ruedas Neum\u00e1tico radial de base ancha Dise\u00f1ado para ofrecer un alto kilometraje y un viaje silencioso en aplicaciones pesadas del eje delantero.<\/p>\n","protected":false},"excerpt":{"rendered":"<p>Cami\u00f3n\/Autob\u00fas Comercial. Cami\u00f3n de servicio mediano De posici\u00f3n en las ruedas Neum\u00e1tico radial de base ancha Dise\u00f1ado para ofrecer un alto kilometraje y un viaje silencioso en aplicaciones pesadas del eje delantero.<\/p>\n","protected":false},"featured_media":225413,"comment_status":"open","ping_status":"closed","template":"","meta":{"_acf_changed":false,"subheading":[]},"product_model":[25302],"product_brand":[15734],"product_cat":[],"product_tag":[],"class_list":{"0":"post-189484","1":"product","2":"type-product","3":"status-publish","4":"has-post-thumbnail","6":"product_model-xte2-wide-base-es","7":"product_brand-michelin-es","8":"pa_tire-size-365-80r20-es","10":"first","11":"instock","12":"shipping-taxable","13":"purchasable","14":"product-type-simple"},"acf":[],"_links":{"self":[{"href":"https:\/\/stmtires.com\/es\/wp-json\/wp\/v2\/product\/189484","targetHints":{"allow":["GET"]}}],"collection":[{"href":"https:\/\/stmtires.com\/es\/wp-json\/wp\/v2\/product"}],"about":[{"href":"https:\/\/stmtires.com\/es\/wp-json\/wp\/v2\/types\/product"}],"replies":[{"embeddable":true,"href":"https:\/\/stmtires.com\/es\/wp-json\/wp\/v2\/comments?post=189484"}],"wp:featuredmedia":[{"embeddable":true,"href":"https:\/\/stmtires.com\/es\/wp-json\/wp\/v2\/media\/225413"}],"wp:attachment":[{"href":"https:\/\/stmtires.com\/es\/wp-json\/wp\/v2\/media?parent=189484"}],"wp:term":[{"taxonomy":"product_model","embeddable":true,"href":"https:\/\/stmtires.com\/es\/wp-json\/wp\/v2\/product_model?post=189484"},{"taxonomy":"product_brand","embeddable":true,"href":"https:\/\/stmtires.com\/es\/wp-json\/wp\/v2\/product_brand?post=189484"},{"taxonomy":"product_cat","embeddable":true,"href":"https:\/\/stmtires.com\/es\/wp-json\/wp\/v2\/product_cat?post=189484"},{"taxonomy":"product_tag","embeddable":true,"href":"https:\/\/stmtires.com\/es\/wp-json\/wp\/v2\/product_tag?post=189484"}],"curies":[{"name":"wp","href":"https:\/\/api.w.org\/{rel}","templated":true}]}}