{"id":189556,"date":"2022-05-12T16:09:35","date_gmt":"2022-05-12T21:09:35","guid":{"rendered":"https:\/\/website.dev.stmtires.com\/shop\/sin categor\u00eda\/37-00r57-e2als-2-tl-vzts-e-4\/"},"modified":"2022-05-12T16:09:35","modified_gmt":"2022-05-12T21:09:35","slug":"37-00r57-e2als-2-tl-vzts-e-4-2","status":"publish","type":"product","link":"https:\/\/stmtires.com\/es\/shop\/bridgestone-es\/37-00r57-e2als-2-tl-vzts-e-4-2\/","title":{"rendered":"37.00R57 (E2ALS) 2* TL VZTS E-4"},"content":{"rendered":"<p>Neum\u00e1tico Premium Radial OTR Earthmover E-4 con banda de rodadura de dise\u00f1o de roca dise\u00f1ado espec\u00edficamente para camiones de volteo gigantes.<\/p>\n","protected":false},"excerpt":{"rendered":"<p>Neum\u00e1tico Premium Radial OTR Earthmover E-4 con banda de rodadura de dise\u00f1o de roca dise\u00f1ado espec\u00edficamente para camiones de volteo gigantes.<\/p>\n","protected":false},"featured_media":0,"comment_status":"open","ping_status":"closed","template":"","meta":{"_acf_changed":false,"subheading":[]},"product_model":[22938],"product_brand":[],"product_cat":[19289,16265,19253],"product_tag":[],"class_list":{"0":"post-189556","1":"product","2":"type-product","3":"status-publish","5":"product_model-vzts-v-steel-z-traction-s-es","6":"product_cat-radial-es","7":"product_cat-radial","8":"product_cat-uncategorized","9":"pa_tire-size-37r57-es","11":"first","12":"instock","13":"shipping-taxable","14":"purchasable","15":"product-type-simple"},"acf":[],"_links":{"self":[{"href":"https:\/\/stmtires.com\/es\/wp-json\/wp\/v2\/product\/189556","targetHints":{"allow":["GET"]}}],"collection":[{"href":"https:\/\/stmtires.com\/es\/wp-json\/wp\/v2\/product"}],"about":[{"href":"https:\/\/stmtires.com\/es\/wp-json\/wp\/v2\/types\/product"}],"replies":[{"embeddable":true,"href":"https:\/\/stmtires.com\/es\/wp-json\/wp\/v2\/comments?post=189556"}],"wp:attachment":[{"href":"https:\/\/stmtires.com\/es\/wp-json\/wp\/v2\/media?parent=189556"}],"wp:term":[{"taxonomy":"product_model","embeddable":true,"href":"https:\/\/stmtires.com\/es\/wp-json\/wp\/v2\/product_model?post=189556"},{"taxonomy":"product_brand","embeddable":true,"href":"https:\/\/stmtires.com\/es\/wp-json\/wp\/v2\/product_brand?post=189556"},{"taxonomy":"product_cat","embeddable":true,"href":"https:\/\/stmtires.com\/es\/wp-json\/wp\/v2\/product_cat?post=189556"},{"taxonomy":"product_tag","embeddable":true,"href":"https:\/\/stmtires.com\/es\/wp-json\/wp\/v2\/product_tag?post=189556"}],"curies":[{"name":"wp","href":"https:\/\/api.w.org\/{rel}","templated":true}]}}