{"id":189603,"date":"2022-05-12T10:38:11","date_gmt":"2022-05-12T15:38:11","guid":{"rendered":"https:\/\/website.dev.stmtires.com\/shop\/sin categor\u00eda\/365-70r22-5-j-xza\/"},"modified":"2022-05-12T10:38:11","modified_gmt":"2022-05-12T15:38:11","slug":"365-70r22-5-j-xza-2","status":"publish","type":"product","link":"https:\/\/stmtires.com\/es\/shop\/michelin-es\/365-70r22-5-j-xza-2\/","title":{"rendered":"365\/70R22.5 J XZA"},"content":{"rendered":"<p>Cami\u00f3n\/Autob\u00fas Comercial. Neum\u00e1tico radial de toda posici\u00f3n de bajo consumo de combustible para camiones de servicio mediano dise\u00f1ado para el servicio de eje de direcci\u00f3n de larga duraci\u00f3n en aplicaciones de transporte en l\u00ednea.<\/p>\n","protected":false},"excerpt":{"rendered":"<p>Cami\u00f3n\/Autob\u00fas Comercial. Neum\u00e1tico radial de toda posici\u00f3n de bajo consumo de combustible para camiones de servicio mediano dise\u00f1ado para el servicio de eje de direcci\u00f3n de larga duraci\u00f3n en aplicaciones de transporte en l\u00ednea.<\/p>\n","protected":false},"featured_media":0,"comment_status":"open","ping_status":"closed","template":"","meta":{"_acf_changed":false,"subheading":[]},"product_model":[25262],"product_brand":[15734],"product_cat":[19321],"product_tag":[],"class_list":{"0":"post-189603","1":"product","2":"type-product","3":"status-publish","5":"product_model-xza-es","6":"product_brand-michelin-es","7":"product_cat-conducir-es","8":"pa_tire-size-365-70r22-5-es","10":"first","11":"instock","12":"shipping-taxable","13":"purchasable","14":"product-type-simple"},"acf":[],"_links":{"self":[{"href":"https:\/\/stmtires.com\/es\/wp-json\/wp\/v2\/product\/189603","targetHints":{"allow":["GET"]}}],"collection":[{"href":"https:\/\/stmtires.com\/es\/wp-json\/wp\/v2\/product"}],"about":[{"href":"https:\/\/stmtires.com\/es\/wp-json\/wp\/v2\/types\/product"}],"replies":[{"embeddable":true,"href":"https:\/\/stmtires.com\/es\/wp-json\/wp\/v2\/comments?post=189603"}],"wp:attachment":[{"href":"https:\/\/stmtires.com\/es\/wp-json\/wp\/v2\/media?parent=189603"}],"wp:term":[{"taxonomy":"product_model","embeddable":true,"href":"https:\/\/stmtires.com\/es\/wp-json\/wp\/v2\/product_model?post=189603"},{"taxonomy":"product_brand","embeddable":true,"href":"https:\/\/stmtires.com\/es\/wp-json\/wp\/v2\/product_brand?post=189603"},{"taxonomy":"product_cat","embeddable":true,"href":"https:\/\/stmtires.com\/es\/wp-json\/wp\/v2\/product_cat?post=189603"},{"taxonomy":"product_tag","embeddable":true,"href":"https:\/\/stmtires.com\/es\/wp-json\/wp\/v2\/product_tag?post=189603"}],"curies":[{"name":"wp","href":"https:\/\/api.w.org\/{rel}","templated":true}]}}