{"id":189809,"date":"2022-05-12T11:26:48","date_gmt":"2022-05-12T16:26:48","guid":{"rendered":"https:\/\/website.dev.stmtires.com\/shop\/sin categor\u00eda\/19l-16-1-f-tl-neumatico-de-granja-i-1\/"},"modified":"2022-05-12T11:26:48","modified_gmt":"2022-05-12T16:26:48","slug":"19l-16-1-f-tl-farm-tire-i-1-2","status":"publish","type":"product","link":"https:\/\/stmtires.com\/es\/shop\/firestone-es\/19l-16-1-f-tl-farm-tire-i-1-2\/","title":{"rendered":"19L-16.1 F TL NEUM\u00c1TICO DE GRANJA I-1"},"content":{"rendered":"<p>Neum\u00e1tico de implemento acanalado de sesgo agr\u00edcola I-1 dise\u00f1ado para ruedas rodantes libres en vagones y remolques.<\/p>\n","protected":false},"excerpt":{"rendered":"<p>Neum\u00e1tico de implemento acanalado de sesgo agr\u00edcola I-1 dise\u00f1ado para ruedas rodantes libres en vagones y remolques.<\/p>\n","protected":false},"featured_media":0,"comment_status":"open","ping_status":"closed","template":"","meta":{"_acf_changed":false,"subheading":[]},"product_model":[22445],"product_brand":[15736],"product_cat":[26128,19324,26130,19355,16312,19253],"product_tag":[],"class_list":{"0":"post-189809","1":"product","2":"type-product","3":"status-publish","5":"product_model-farm-tire-i-1-es-2","6":"product_brand-firestone-es","7":"product_cat-agricola","8":"product_cat-costilla","9":"product_cat-instrumento","10":"product_cat-predisposicion","11":"product_cat-rib","12":"product_cat-uncategorized","13":"pa_tire-size-19r16-1-es","15":"first","16":"instock","17":"shipping-taxable","18":"purchasable","19":"product-type-simple"},"acf":[],"_links":{"self":[{"href":"https:\/\/stmtires.com\/es\/wp-json\/wp\/v2\/product\/189809","targetHints":{"allow":["GET"]}}],"collection":[{"href":"https:\/\/stmtires.com\/es\/wp-json\/wp\/v2\/product"}],"about":[{"href":"https:\/\/stmtires.com\/es\/wp-json\/wp\/v2\/types\/product"}],"replies":[{"embeddable":true,"href":"https:\/\/stmtires.com\/es\/wp-json\/wp\/v2\/comments?post=189809"}],"wp:attachment":[{"href":"https:\/\/stmtires.com\/es\/wp-json\/wp\/v2\/media?parent=189809"}],"wp:term":[{"taxonomy":"product_model","embeddable":true,"href":"https:\/\/stmtires.com\/es\/wp-json\/wp\/v2\/product_model?post=189809"},{"taxonomy":"product_brand","embeddable":true,"href":"https:\/\/stmtires.com\/es\/wp-json\/wp\/v2\/product_brand?post=189809"},{"taxonomy":"product_cat","embeddable":true,"href":"https:\/\/stmtires.com\/es\/wp-json\/wp\/v2\/product_cat?post=189809"},{"taxonomy":"product_tag","embeddable":true,"href":"https:\/\/stmtires.com\/es\/wp-json\/wp\/v2\/product_tag?post=189809"}],"curies":[{"name":"wp","href":"https:\/\/api.w.org\/{rel}","templated":true}]}}