{"id":189923,"date":"2022-05-12T11:53:28","date_gmt":"2022-05-12T16:53:28","guid":{"rendered":"https:\/\/website.dev.stmtires.com\/shop\/sin categor\u00eda\/20-5-25-f-nd-lcm-e-3-l-3\/"},"modified":"2022-05-12T11:53:28","modified_gmt":"2022-05-12T16:53:28","slug":"20-5-25-f-nd-lcm-e-3-l-3-2","status":"publish","type":"product","link":"https:\/\/stmtires.com\/es\/shop\/general-es\/20-5-25-f-nd-lcm-e-3-l-3-2\/","title":{"rendered":"20.5-25 F ND LCM E-3\/L-3"},"content":{"rendered":"<p>Neum\u00e1tico Bias Earthmoving Service. ND LCM MCS est\u00e1 especialmente dise\u00f1ado para el servicio de gr\u00faas m\u00f3viles para su uso en aplicaciones de terrenos dif\u00edciles.<\/p>\n","protected":false},"excerpt":{"rendered":"<p>Neum\u00e1tico Bias Earthmoving Service. ND LCM MCS est\u00e1 especialmente dise\u00f1ado para el servicio de gr\u00faas m\u00f3viles para su uso en aplicaciones de terrenos dif\u00edciles.<\/p>\n","protected":false},"featured_media":0,"comment_status":"open","ping_status":"closed","template":"","meta":{"_acf_changed":false,"subheading":[]},"product_model":[25621],"product_brand":[15741],"product_cat":[19355,19253],"product_tag":[],"class_list":{"0":"post-189923","1":"product","2":"type-product","3":"status-publish","5":"product_model-nd-lcm-l-3-e-3-es","6":"product_brand-general-es","7":"product_cat-predisposicion","8":"product_cat-uncategorized","9":"pa_tire-size-20-5r25-es","11":"first","12":"instock","13":"shipping-taxable","14":"purchasable","15":"product-type-simple"},"acf":[],"_links":{"self":[{"href":"https:\/\/stmtires.com\/es\/wp-json\/wp\/v2\/product\/189923","targetHints":{"allow":["GET"]}}],"collection":[{"href":"https:\/\/stmtires.com\/es\/wp-json\/wp\/v2\/product"}],"about":[{"href":"https:\/\/stmtires.com\/es\/wp-json\/wp\/v2\/types\/product"}],"replies":[{"embeddable":true,"href":"https:\/\/stmtires.com\/es\/wp-json\/wp\/v2\/comments?post=189923"}],"wp:attachment":[{"href":"https:\/\/stmtires.com\/es\/wp-json\/wp\/v2\/media?parent=189923"}],"wp:term":[{"taxonomy":"product_model","embeddable":true,"href":"https:\/\/stmtires.com\/es\/wp-json\/wp\/v2\/product_model?post=189923"},{"taxonomy":"product_brand","embeddable":true,"href":"https:\/\/stmtires.com\/es\/wp-json\/wp\/v2\/product_brand?post=189923"},{"taxonomy":"product_cat","embeddable":true,"href":"https:\/\/stmtires.com\/es\/wp-json\/wp\/v2\/product_cat?post=189923"},{"taxonomy":"product_tag","embeddable":true,"href":"https:\/\/stmtires.com\/es\/wp-json\/wp\/v2\/product_tag?post=189923"}],"curies":[{"name":"wp","href":"https:\/\/api.w.org\/{rel}","templated":true}]}}