{"id":190045,"date":"2022-05-12T13:09:45","date_gmt":"2022-05-12T18:09:45","guid":{"rendered":"https:\/\/website.dev.stmtires.com\/shop\/sin categor\u00eda\/355-25r21-proxes-sport\/"},"modified":"2022-05-12T13:09:45","modified_gmt":"2022-05-12T18:09:45","slug":"355-25r21-proxes-sport-2","status":"publish","type":"product","link":"https:\/\/stmtires.com\/es\/shop\/toyo-es\/355-25r21-proxes-sport-2\/","title":{"rendered":"355\/25R21 PROXES SPORT"},"content":{"rendered":"<p>Neum\u00e1tico de verano Max Performance Para turismos\/SUV. Los patrones de la banda de rodadura para Proxes Sport var\u00edan seg\u00fan el ancho. Los anchos de secci\u00f3n de 285 y superiores tienen una costilla central adicional.<\/p>\n","protected":false},"excerpt":{"rendered":"<p>Neum\u00e1tico de verano Max Performance Para turismos\/SUV. Los patrones de la banda de rodadura para Proxes Sport var\u00edan seg\u00fan el ancho. Los anchos de secci\u00f3n de 285 y superiores tienen una costilla central adicional.<\/p>\n","protected":false},"featured_media":0,"comment_status":"open","ping_status":"closed","template":"","meta":{"_acf_changed":false,"subheading":[]},"product_model":[25668],"product_brand":[15760],"product_cat":[19253],"product_tag":[],"class_list":{"0":"post-190045","1":"product","2":"type-product","3":"status-publish","5":"product_model-proxes-sport-es","6":"product_brand-toyo-es","7":"product_cat-uncategorized","8":"pa_tire-size-355-25r21-es","10":"first","11":"instock","12":"shipping-taxable","13":"purchasable","14":"product-type-simple"},"acf":[],"_links":{"self":[{"href":"https:\/\/stmtires.com\/es\/wp-json\/wp\/v2\/product\/190045","targetHints":{"allow":["GET"]}}],"collection":[{"href":"https:\/\/stmtires.com\/es\/wp-json\/wp\/v2\/product"}],"about":[{"href":"https:\/\/stmtires.com\/es\/wp-json\/wp\/v2\/types\/product"}],"replies":[{"embeddable":true,"href":"https:\/\/stmtires.com\/es\/wp-json\/wp\/v2\/comments?post=190045"}],"wp:attachment":[{"href":"https:\/\/stmtires.com\/es\/wp-json\/wp\/v2\/media?parent=190045"}],"wp:term":[{"taxonomy":"product_model","embeddable":true,"href":"https:\/\/stmtires.com\/es\/wp-json\/wp\/v2\/product_model?post=190045"},{"taxonomy":"product_brand","embeddable":true,"href":"https:\/\/stmtires.com\/es\/wp-json\/wp\/v2\/product_brand?post=190045"},{"taxonomy":"product_cat","embeddable":true,"href":"https:\/\/stmtires.com\/es\/wp-json\/wp\/v2\/product_cat?post=190045"},{"taxonomy":"product_tag","embeddable":true,"href":"https:\/\/stmtires.com\/es\/wp-json\/wp\/v2\/product_tag?post=190045"}],"curies":[{"name":"wp","href":"https:\/\/api.w.org\/{rel}","templated":true}]}}