{"id":190077,"date":"2022-05-12T14:17:28","date_gmt":"2022-05-12T19:17:28","guid":{"rendered":"https:\/\/website.dev.stmtires.com\/shop\/sin categor\u00eda\/345-35zr19-potenza-re050a-scuderia\/"},"modified":"2022-05-12T14:17:28","modified_gmt":"2022-05-12T19:17:28","slug":"345-35zr19-potenza-re050a-scuderia-2","status":"publish","type":"product","link":"https:\/\/stmtires.com\/es\/shop\/bridgestone-es\/345-35zr19-potenza-re050a-scuderia-2\/","title":{"rendered":"345\/35ZR19 POTENZA RE050A SCUDERIA"},"content":{"rendered":"<p>Neum\u00e1tico de autom\u00f3vil de pasajeros de rendimiento de verano desarrollado para autom\u00f3viles deportivos de alto rendimiento, cup\u00e9s y sedanes.<\/p>\n","protected":false},"excerpt":{"rendered":"<p>Neum\u00e1tico de autom\u00f3vil de pasajeros de rendimiento de verano desarrollado para autom\u00f3viles deportivos de alto rendimiento, cup\u00e9s y sedanes.<\/p>\n","protected":false},"featured_media":0,"comment_status":"open","ping_status":"closed","template":"","meta":{"_acf_changed":false,"subheading":[]},"product_model":[22876],"product_brand":[],"product_cat":[19264,19242,16244],"product_tag":[],"class_list":{"0":"post-190077","1":"product","2":"type-product","3":"status-publish","5":"product_model-potenza-re050a-es","6":"product_cat-alto-rendimiento-hp","7":"product_cat-equipo-original-oe","8":"product_cat-original-equipment-oe","9":"pa_tire-size-345-35r19-es","11":"first","12":"instock","13":"shipping-taxable","14":"purchasable","15":"product-type-simple"},"acf":[],"_links":{"self":[{"href":"https:\/\/stmtires.com\/es\/wp-json\/wp\/v2\/product\/190077","targetHints":{"allow":["GET"]}}],"collection":[{"href":"https:\/\/stmtires.com\/es\/wp-json\/wp\/v2\/product"}],"about":[{"href":"https:\/\/stmtires.com\/es\/wp-json\/wp\/v2\/types\/product"}],"replies":[{"embeddable":true,"href":"https:\/\/stmtires.com\/es\/wp-json\/wp\/v2\/comments?post=190077"}],"wp:attachment":[{"href":"https:\/\/stmtires.com\/es\/wp-json\/wp\/v2\/media?parent=190077"}],"wp:term":[{"taxonomy":"product_model","embeddable":true,"href":"https:\/\/stmtires.com\/es\/wp-json\/wp\/v2\/product_model?post=190077"},{"taxonomy":"product_brand","embeddable":true,"href":"https:\/\/stmtires.com\/es\/wp-json\/wp\/v2\/product_brand?post=190077"},{"taxonomy":"product_cat","embeddable":true,"href":"https:\/\/stmtires.com\/es\/wp-json\/wp\/v2\/product_cat?post=190077"},{"taxonomy":"product_tag","embeddable":true,"href":"https:\/\/stmtires.com\/es\/wp-json\/wp\/v2\/product_tag?post=190077"}],"curies":[{"name":"wp","href":"https:\/\/api.w.org\/{rel}","templated":true}]}}