{"id":190084,"date":"2022-05-12T16:09:27","date_gmt":"2022-05-12T21:09:27","guid":{"rendered":"https:\/\/website.dev.stmtires.com\/shop\/sin categor\u00eda\/35-65r33-1-tl-vsdl-l-5-d2a\/"},"modified":"2022-05-12T16:09:27","modified_gmt":"2022-05-12T21:09:27","slug":"35-65r33-1-tl-vsdl-l-5-d2a-2","status":"publish","type":"product","link":"https:\/\/stmtires.com\/es\/shop\/bridgestone-es\/35-65r33-1-tl-vsdl-l-5-d2a-2\/","title":{"rendered":"35\/65R33 1* TL VSDL L-5 D2A"},"content":{"rendered":"<p>Cargador\/topadora radial OTR y neum\u00e1tico industrial L-5 Extra Deep Rock Tread Dise\u00f1ado para aplicaciones de cargadores severos como minas subterr\u00e1neas, pozos abiertos y canteras.<\/p>\n","protected":false},"excerpt":{"rendered":"<p>Cargador\/topadora radial OTR y neum\u00e1tico industrial L-5 Extra Deep Rock Tread Dise\u00f1ado para aplicaciones de cargadores severos como minas subterr\u00e1neas, pozos abiertos y canteras.<\/p>\n","protected":false},"featured_media":0,"comment_status":"open","ping_status":"closed","template":"","meta":{"_acf_changed":false,"subheading":[]},"product_model":[22993],"product_brand":[],"product_cat":[19295,19289,16265,19253],"product_tag":[],"class_list":{"0":"post-190084","1":"product","2":"type-product","3":"status-publish","5":"product_model-vsdl-v-steel-d-lug-l-5-es","6":"product_cat-industrial-es","7":"product_cat-radial-es","8":"product_cat-radial","9":"product_cat-uncategorized","10":"pa_tire-size-35r33-es","12":"first","13":"instock","14":"shipping-taxable","15":"purchasable","16":"product-type-simple"},"acf":[],"_links":{"self":[{"href":"https:\/\/stmtires.com\/es\/wp-json\/wp\/v2\/product\/190084","targetHints":{"allow":["GET"]}}],"collection":[{"href":"https:\/\/stmtires.com\/es\/wp-json\/wp\/v2\/product"}],"about":[{"href":"https:\/\/stmtires.com\/es\/wp-json\/wp\/v2\/types\/product"}],"replies":[{"embeddable":true,"href":"https:\/\/stmtires.com\/es\/wp-json\/wp\/v2\/comments?post=190084"}],"wp:attachment":[{"href":"https:\/\/stmtires.com\/es\/wp-json\/wp\/v2\/media?parent=190084"}],"wp:term":[{"taxonomy":"product_model","embeddable":true,"href":"https:\/\/stmtires.com\/es\/wp-json\/wp\/v2\/product_model?post=190084"},{"taxonomy":"product_brand","embeddable":true,"href":"https:\/\/stmtires.com\/es\/wp-json\/wp\/v2\/product_brand?post=190084"},{"taxonomy":"product_cat","embeddable":true,"href":"https:\/\/stmtires.com\/es\/wp-json\/wp\/v2\/product_cat?post=190084"},{"taxonomy":"product_tag","embeddable":true,"href":"https:\/\/stmtires.com\/es\/wp-json\/wp\/v2\/product_tag?post=190084"}],"curies":[{"name":"wp","href":"https:\/\/api.w.org\/{rel}","templated":true}]}}