{"id":190091,"date":"2022-05-12T16:25:02","date_gmt":"2022-05-12T21:25:02","guid":{"rendered":"https:\/\/website.dev.stmtires.com\/shop\/sin categor\u00eda\/35-65r33-d2a-2-vsnl-l-4\/"},"modified":"2022-05-12T16:25:02","modified_gmt":"2022-05-12T21:25:02","slug":"35-65r33-d2a-2-vsnl-l-4-2","status":"publish","type":"product","link":"https:\/\/stmtires.com\/es\/shop\/bridgestone-es\/35-65r33-d2a-2-vsnl-l-4-2\/","title":{"rendered":"35\/65R33 (D2A) 2* VSNL L-4"},"content":{"rendered":"<p>Premium Radial OTR Loader\/Dozer L-4 Rock Deep Tread Tire Dise\u00f1ado para la miner\u00eda subterr\u00e1nea y adecuado para operaciones de carga y transporte en pozos abiertos y canteras.<\/p>\n","protected":false},"excerpt":{"rendered":"<p>Premium Radial OTR Loader\/Dozer L-4 Rock Deep Tread Tire Dise\u00f1ado para la miner\u00eda subterr\u00e1nea y adecuado para operaciones de carga y transporte en pozos abiertos y canteras.<\/p>\n","protected":false},"featured_media":222016,"comment_status":"open","ping_status":"closed","template":"","meta":{"_acf_changed":false,"subheading":[]},"product_model":[25842],"product_brand":[],"product_cat":[19304,16316,19313,19289,19253],"product_tag":[],"class_list":{"0":"post-190091","1":"product","2":"type-product","3":"status-publish","4":"has-post-thumbnail","6":"product_model-vsnl-v-steel-n-lug-es","7":"product_cat-banda-de-rodadura-profunda","8":"product_cat-deep-tread","9":"product_cat-mineria","10":"product_cat-radial-es","11":"product_cat-uncategorized","12":"pa_tire-size-35r33-es","14":"first","15":"instock","16":"shipping-taxable","17":"purchasable","18":"product-type-simple"},"acf":[],"_links":{"self":[{"href":"https:\/\/stmtires.com\/es\/wp-json\/wp\/v2\/product\/190091","targetHints":{"allow":["GET"]}}],"collection":[{"href":"https:\/\/stmtires.com\/es\/wp-json\/wp\/v2\/product"}],"about":[{"href":"https:\/\/stmtires.com\/es\/wp-json\/wp\/v2\/types\/product"}],"replies":[{"embeddable":true,"href":"https:\/\/stmtires.com\/es\/wp-json\/wp\/v2\/comments?post=190091"}],"wp:featuredmedia":[{"embeddable":true,"href":"https:\/\/stmtires.com\/es\/wp-json\/wp\/v2\/media\/222016"}],"wp:attachment":[{"href":"https:\/\/stmtires.com\/es\/wp-json\/wp\/v2\/media?parent=190091"}],"wp:term":[{"taxonomy":"product_model","embeddable":true,"href":"https:\/\/stmtires.com\/es\/wp-json\/wp\/v2\/product_model?post=190091"},{"taxonomy":"product_brand","embeddable":true,"href":"https:\/\/stmtires.com\/es\/wp-json\/wp\/v2\/product_brand?post=190091"},{"taxonomy":"product_cat","embeddable":true,"href":"https:\/\/stmtires.com\/es\/wp-json\/wp\/v2\/product_cat?post=190091"},{"taxonomy":"product_tag","embeddable":true,"href":"https:\/\/stmtires.com\/es\/wp-json\/wp\/v2\/product_tag?post=190091"}],"curies":[{"name":"wp","href":"https:\/\/api.w.org\/{rel}","templated":true}]}}