{"id":190164,"date":"2022-05-12T11:23:04","date_gmt":"2022-05-12T16:23:04","guid":{"rendered":"https:\/\/website.dev.stmtires.com\/shop\/sin categor\u00eda\/340-80r18-tl-duraforce-at-r\/"},"modified":"2022-05-12T11:23:04","modified_gmt":"2022-05-12T16:23:04","slug":"340-80r18-tl-duraforce-at-r-2","status":"publish","type":"product","link":"https:\/\/stmtires.com\/es\/shop\/firestone-es\/340-80r18-tl-duraforce-at-r-2\/","title":{"rendered":"340\/80R18 TL DURAFORCE AT-R"},"content":{"rendered":"<p>Neum\u00e1tico agr\u00edcola dise\u00f1ado para minicargadoras.<\/p>\n","protected":false},"excerpt":{"rendered":"<p>Neum\u00e1tico agr\u00edcola dise\u00f1ado para minicargadoras.<\/p>\n","protected":false},"featured_media":0,"comment_status":"open","ping_status":"closed","template":"","meta":{"_acf_changed":false,"subheading":[]},"product_model":[25553],"product_brand":[15736],"product_cat":[26128,19321,19288,19349,19297,19355,19253],"product_tag":[],"class_list":{"0":"post-190164","1":"product","2":"type-product","3":"status-publish","5":"product_model-radial-duraforce-at-r-es","6":"product_brand-firestone-es","7":"product_cat-agricola","8":"product_cat-conducir-es","9":"product_cat-conducir","10":"product_cat-golf-es","11":"product_cat-minicargadora","12":"product_cat-predisposicion","13":"product_cat-uncategorized","14":"pa_tire-size-340-80r18-es","16":"first","17":"instock","18":"shipping-taxable","19":"purchasable","20":"product-type-simple"},"acf":[],"_links":{"self":[{"href":"https:\/\/stmtires.com\/es\/wp-json\/wp\/v2\/product\/190164","targetHints":{"allow":["GET"]}}],"collection":[{"href":"https:\/\/stmtires.com\/es\/wp-json\/wp\/v2\/product"}],"about":[{"href":"https:\/\/stmtires.com\/es\/wp-json\/wp\/v2\/types\/product"}],"replies":[{"embeddable":true,"href":"https:\/\/stmtires.com\/es\/wp-json\/wp\/v2\/comments?post=190164"}],"wp:attachment":[{"href":"https:\/\/stmtires.com\/es\/wp-json\/wp\/v2\/media?parent=190164"}],"wp:term":[{"taxonomy":"product_model","embeddable":true,"href":"https:\/\/stmtires.com\/es\/wp-json\/wp\/v2\/product_model?post=190164"},{"taxonomy":"product_brand","embeddable":true,"href":"https:\/\/stmtires.com\/es\/wp-json\/wp\/v2\/product_brand?post=190164"},{"taxonomy":"product_cat","embeddable":true,"href":"https:\/\/stmtires.com\/es\/wp-json\/wp\/v2\/product_cat?post=190164"},{"taxonomy":"product_tag","embeddable":true,"href":"https:\/\/stmtires.com\/es\/wp-json\/wp\/v2\/product_tag?post=190164"}],"curies":[{"name":"wp","href":"https:\/\/api.w.org\/{rel}","templated":true}]}}