{"id":190166,"date":"2022-05-12T10:39:39","date_gmt":"2022-05-12T15:39:39","guid":{"rendered":"https:\/\/website.dev.stmtires.com\/shop\/sin categor\u00eda\/340-80r18-12-5-80r18-ind-tl-xmcl\/"},"modified":"2022-05-12T10:39:39","modified_gmt":"2022-05-12T15:39:39","slug":"340-80r18-12-5-80r18-ind-tl-xmcl-2","status":"publish","type":"product","link":"https:\/\/stmtires.com\/es\/shop\/michelin-es\/340-80r18-12-5-80r18-ind-tl-xmcl-2\/","title":{"rendered":"340\/80R18 (12.5\/80R18) IND TL XMCL"},"content":{"rendered":"<p>Neum\u00e1tico agr\u00edcola R-4 dise\u00f1ado para su uso en una variedad de aplicaciones industriales y de construcci\u00f3n. Neum\u00e1tico de accionamiento vers\u00e1til para equipos de l\u00ednea compactos que incluyen retroexcavadoras, manipuladores telesc\u00f3picos y aplicaciones de tractores utilitarios.  <\/p>\n","protected":false},"excerpt":{"rendered":"<p>Neum\u00e1tico agr\u00edcola R-4 dise\u00f1ado para su uso en una variedad de aplicaciones industriales y de construcci\u00f3n. Neum\u00e1tico de accionamiento vers\u00e1til para equipos de l\u00ednea compactos que incluyen retroexcavadoras, manipuladores telesc\u00f3picos y aplicaciones de tractores utilitarios.<\/p>\n","protected":false},"featured_media":0,"comment_status":"open","ping_status":"closed","template":"","meta":{"_acf_changed":false,"subheading":[]},"product_model":[25338],"product_brand":[15734],"product_cat":[19295,19253],"product_tag":[],"class_list":{"0":"post-190166","1":"product","2":"type-product","3":"status-publish","5":"product_model-xmcl-es","6":"product_brand-michelin-es","7":"product_cat-industrial-es","8":"product_cat-uncategorized","9":"pa_tire-size-340-80r18-es","11":"first","12":"instock","13":"shipping-taxable","14":"purchasable","15":"product-type-simple"},"acf":[],"_links":{"self":[{"href":"https:\/\/stmtires.com\/es\/wp-json\/wp\/v2\/product\/190166","targetHints":{"allow":["GET"]}}],"collection":[{"href":"https:\/\/stmtires.com\/es\/wp-json\/wp\/v2\/product"}],"about":[{"href":"https:\/\/stmtires.com\/es\/wp-json\/wp\/v2\/types\/product"}],"replies":[{"embeddable":true,"href":"https:\/\/stmtires.com\/es\/wp-json\/wp\/v2\/comments?post=190166"}],"wp:attachment":[{"href":"https:\/\/stmtires.com\/es\/wp-json\/wp\/v2\/media?parent=190166"}],"wp:term":[{"taxonomy":"product_model","embeddable":true,"href":"https:\/\/stmtires.com\/es\/wp-json\/wp\/v2\/product_model?post=190166"},{"taxonomy":"product_brand","embeddable":true,"href":"https:\/\/stmtires.com\/es\/wp-json\/wp\/v2\/product_brand?post=190166"},{"taxonomy":"product_cat","embeddable":true,"href":"https:\/\/stmtires.com\/es\/wp-json\/wp\/v2\/product_cat?post=190166"},{"taxonomy":"product_tag","embeddable":true,"href":"https:\/\/stmtires.com\/es\/wp-json\/wp\/v2\/product_tag?post=190166"}],"curies":[{"name":"wp","href":"https:\/\/api.w.org\/{rel}","templated":true}]}}