{"id":190293,"date":"2022-05-12T11:26:19","date_gmt":"2022-05-12T16:26:19","guid":{"rendered":"https:\/\/website.dev.stmtires.com\/shop\/sin categor\u00eda\/20-8-38-e-tt-champion-spade-grip-r-2\/"},"modified":"2022-05-12T11:26:19","modified_gmt":"2022-05-12T16:26:19","slug":"20-8-38-e-tt-campeon-espada-agarre-r-2","status":"publish","type":"product","link":"https:\/\/stmtires.com\/es\/shop\/firestone-es\/20-8-38-e-tt-campeon-espada-agarre-r-2\/","title":{"rendered":"20.8-38 E TT CHAMPION SPADE GRIP R-2"},"content":{"rendered":"<p>Neum\u00e1tico agr\u00edcola R-2 Extra-Deep Rear Tractor Drive dise\u00f1ado para condiciones de suelo h\u00famedo. Una excelente opci\u00f3n para aplicaciones de arroz y ca\u00f1a de az\u00facar.<\/p>\n","protected":false},"excerpt":{"rendered":"<p>Neum\u00e1tico agr\u00edcola R-2 Extra-Deep Rear Tractor Drive dise\u00f1ado para condiciones de suelo h\u00famedo. Una excelente opci\u00f3n para aplicaciones de arroz y ca\u00f1a de az\u00facar.<\/p>\n","protected":false},"featured_media":0,"comment_status":"open","ping_status":"closed","template":"","meta":{"_acf_changed":false,"subheading":[]},"product_model":[25506],"product_brand":[15736],"product_cat":[26128,19288,16264,26129,19253],"product_tag":[],"class_list":{"0":"post-190293","1":"product","2":"type-product","3":"status-publish","5":"product_model-champion-spade-grip-r-2-es","6":"product_brand-firestone-es","7":"product_cat-agricola","8":"product_cat-conducir","9":"product_cat-drive","10":"product_cat-tractor-es","11":"product_cat-uncategorized","12":"pa_tire-size-208r38","14":"first","15":"instock","16":"shipping-taxable","17":"purchasable","18":"product-type-simple"},"acf":[],"_links":{"self":[{"href":"https:\/\/stmtires.com\/es\/wp-json\/wp\/v2\/product\/190293","targetHints":{"allow":["GET"]}}],"collection":[{"href":"https:\/\/stmtires.com\/es\/wp-json\/wp\/v2\/product"}],"about":[{"href":"https:\/\/stmtires.com\/es\/wp-json\/wp\/v2\/types\/product"}],"replies":[{"embeddable":true,"href":"https:\/\/stmtires.com\/es\/wp-json\/wp\/v2\/comments?post=190293"}],"wp:attachment":[{"href":"https:\/\/stmtires.com\/es\/wp-json\/wp\/v2\/media?parent=190293"}],"wp:term":[{"taxonomy":"product_model","embeddable":true,"href":"https:\/\/stmtires.com\/es\/wp-json\/wp\/v2\/product_model?post=190293"},{"taxonomy":"product_brand","embeddable":true,"href":"https:\/\/stmtires.com\/es\/wp-json\/wp\/v2\/product_brand?post=190293"},{"taxonomy":"product_cat","embeddable":true,"href":"https:\/\/stmtires.com\/es\/wp-json\/wp\/v2\/product_cat?post=190293"},{"taxonomy":"product_tag","embeddable":true,"href":"https:\/\/stmtires.com\/es\/wp-json\/wp\/v2\/product_tag?post=190293"}],"curies":[{"name":"wp","href":"https:\/\/api.w.org\/{rel}","templated":true}]}}