{"id":190373,"date":"2022-05-12T11:33:36","date_gmt":"2022-05-12T16:33:36","guid":{"rendered":"https:\/\/website.dev.stmtires.com\/shop\/sin categor\u00eda\/335-80r18-tl-xzsl-minicargadora-l-3\/"},"modified":"2022-05-12T11:33:36","modified_gmt":"2022-05-12T16:33:36","slug":"335-80r18-tl-xzsl-skid-steer-l-3-2","status":"publish","type":"product","link":"https:\/\/stmtires.com\/es\/shop\/michelin-es\/335-80r18-tl-xzsl-skid-steer-l-3-2\/","title":{"rendered":"335\/80R18 TL XZSL MINICARGADORA L-3"},"content":{"rendered":"<p>Construcci\u00f3n radial L-3 neum\u00e1tico especialmente dise\u00f1ado para minicargadoras y adecuado para terrenos agresivos y abrasivos.<\/p>\n","protected":false},"excerpt":{"rendered":"<p>Construcci\u00f3n radial L-3 neum\u00e1tico especialmente dise\u00f1ado para minicargadoras y adecuado para terrenos agresivos y abrasivos.<\/p>\n","protected":false},"featured_media":0,"comment_status":"open","ping_status":"closed","template":"","meta":{"_acf_changed":false,"subheading":[]},"product_model":[25484],"product_brand":[15734],"product_cat":[19253],"product_tag":[],"class_list":{"0":"post-190373","1":"product","2":"type-product","3":"status-publish","5":"product_model-xzsl-skid-steer-es","6":"product_brand-michelin-es","7":"product_cat-uncategorized","8":"pa_tire-size-335-80r18-es","10":"first","11":"instock","12":"shipping-taxable","13":"purchasable","14":"product-type-simple"},"acf":[],"_links":{"self":[{"href":"https:\/\/stmtires.com\/es\/wp-json\/wp\/v2\/product\/190373","targetHints":{"allow":["GET"]}}],"collection":[{"href":"https:\/\/stmtires.com\/es\/wp-json\/wp\/v2\/product"}],"about":[{"href":"https:\/\/stmtires.com\/es\/wp-json\/wp\/v2\/types\/product"}],"replies":[{"embeddable":true,"href":"https:\/\/stmtires.com\/es\/wp-json\/wp\/v2\/comments?post=190373"}],"wp:attachment":[{"href":"https:\/\/stmtires.com\/es\/wp-json\/wp\/v2\/media?parent=190373"}],"wp:term":[{"taxonomy":"product_model","embeddable":true,"href":"https:\/\/stmtires.com\/es\/wp-json\/wp\/v2\/product_model?post=190373"},{"taxonomy":"product_brand","embeddable":true,"href":"https:\/\/stmtires.com\/es\/wp-json\/wp\/v2\/product_brand?post=190373"},{"taxonomy":"product_cat","embeddable":true,"href":"https:\/\/stmtires.com\/es\/wp-json\/wp\/v2\/product_cat?post=190373"},{"taxonomy":"product_tag","embeddable":true,"href":"https:\/\/stmtires.com\/es\/wp-json\/wp\/v2\/product_tag?post=190373"}],"curies":[{"name":"wp","href":"https:\/\/api.w.org\/{rel}","templated":true}]}}