{"id":190374,"date":"2022-05-12T15:00:00","date_gmt":"2022-05-12T20:00:00","guid":{"rendered":"https:\/\/website.dev.stmtires.com\/shop\/sin%20categor\u00eda\/33x12-50r15lt-dueler-m-t-d673\/"},"modified":"2022-05-28T18:31:00","modified_gmt":"2022-05-28T23:31:00","slug":"33x12-50r15lt-dueler-m-t-d673","status":"publish","type":"product","link":"https:\/\/stmtires.com\/es\/shop\/bridgestone-es\/33x12-50r15lt-dueler-m-t-d673\/","title":{"rendered":"33X12.50R15LT DUELER M\/T (D673)"},"content":{"rendered":"<p>Dise\u00f1ado para el conductor de veh\u00edculos de campo traviesa que desea el rendimiento agresivo y la apariencia de un neum\u00e1tico de asa de m\u00e1xima tracci\u00f3n, combinado con una conducci\u00f3n c\u00f3moda y un manejo receptivo en la carretera.<\/p>\n","protected":false},"excerpt":{"rendered":"<p>Dise\u00f1ado para el conductor de veh\u00edculos de campo traviesa que desea el rendimiento agresivo y la apariencia de un neum\u00e1tico de asa de m\u00e1xima tracci\u00f3n, combinado con una conducci\u00f3n c\u00f3moda y un manejo receptivo en la carretera.<\/p>\n","protected":false},"featured_media":222518,"comment_status":"open","ping_status":"closed","template":"","meta":{"_acf_changed":false,"subheading":[]},"product_model":[25683],"product_brand":[],"product_cat":[19288,19306,19287],"product_tag":[],"class_list":{"0":"post-190374","1":"product","2":"type-product","3":"status-publish","4":"has-post-thumbnail","6":"product_model-dueler-m-t-d673-es","7":"product_cat-conducir","8":"product_cat-orejeta","9":"product_cat-servicio-de-autopistas","10":"pa_tire-size-33x12-5r15-es","12":"first","13":"instock","14":"shipping-taxable","15":"purchasable","16":"product-type-simple"},"acf":[],"_links":{"self":[{"href":"https:\/\/stmtires.com\/es\/wp-json\/wp\/v2\/product\/190374","targetHints":{"allow":["GET"]}}],"collection":[{"href":"https:\/\/stmtires.com\/es\/wp-json\/wp\/v2\/product"}],"about":[{"href":"https:\/\/stmtires.com\/es\/wp-json\/wp\/v2\/types\/product"}],"replies":[{"embeddable":true,"href":"https:\/\/stmtires.com\/es\/wp-json\/wp\/v2\/comments?post=190374"}],"wp:featuredmedia":[{"embeddable":true,"href":"https:\/\/stmtires.com\/es\/wp-json\/wp\/v2\/media\/222518"}],"wp:attachment":[{"href":"https:\/\/stmtires.com\/es\/wp-json\/wp\/v2\/media?parent=190374"}],"wp:term":[{"taxonomy":"product_model","embeddable":true,"href":"https:\/\/stmtires.com\/es\/wp-json\/wp\/v2\/product_model?post=190374"},{"taxonomy":"product_brand","embeddable":true,"href":"https:\/\/stmtires.com\/es\/wp-json\/wp\/v2\/product_brand?post=190374"},{"taxonomy":"product_cat","embeddable":true,"href":"https:\/\/stmtires.com\/es\/wp-json\/wp\/v2\/product_cat?post=190374"},{"taxonomy":"product_tag","embeddable":true,"href":"https:\/\/stmtires.com\/es\/wp-json\/wp\/v2\/product_tag?post=190374"}],"curies":[{"name":"wp","href":"https:\/\/api.w.org\/{rel}","templated":true}]}}