{"id":190409,"date":"2022-05-12T10:13:22","date_gmt":"2022-05-12T15:13:22","guid":{"rendered":"https:\/\/website.dev.stmtires.com\/shop\/sin categor\u00eda\/335-30zr18-piloto-sx-mxx3\/"},"modified":"2022-05-12T10:13:22","modified_gmt":"2022-05-12T15:13:22","slug":"335-30zr18-piloto-sx-mxx3","status":"publish","type":"product","link":"https:\/\/stmtires.com\/es\/shop\/tires\/335-30zr18-piloto-sx-mxx3\/","title":{"rendered":"335\/30ZR18 PILOTO SX MXX3"},"content":{"rendered":"<p>Gama de neum\u00e1ticos cl\u00e1sicos. Neum\u00e1tico de alto rendimiento para veh\u00edculos s\u00faper deportivos.<\/p>\n","protected":false},"excerpt":{"rendered":"<p>Gama de neum\u00e1ticos cl\u00e1sicos. Neum\u00e1tico de alto rendimiento para veh\u00edculos s\u00faper deportivos.<\/p>\n","protected":false},"featured_media":106569,"comment_status":"open","ping_status":"closed","template":"","meta":{"_acf_changed":false,"subheading":[]},"product_model":[25348],"product_brand":[],"product_cat":[],"product_tag":[],"class_list":{"0":"post-190409","1":"product","2":"type-product","3":"status-publish","4":"has-post-thumbnail","6":"product_model-pilot-sx-mxx3-es","8":"first","9":"instock","10":"shipping-taxable","11":"purchasable","12":"product-type-simple"},"acf":[],"_links":{"self":[{"href":"https:\/\/stmtires.com\/es\/wp-json\/wp\/v2\/product\/190409","targetHints":{"allow":["GET"]}}],"collection":[{"href":"https:\/\/stmtires.com\/es\/wp-json\/wp\/v2\/product"}],"about":[{"href":"https:\/\/stmtires.com\/es\/wp-json\/wp\/v2\/types\/product"}],"replies":[{"embeddable":true,"href":"https:\/\/stmtires.com\/es\/wp-json\/wp\/v2\/comments?post=190409"}],"wp:featuredmedia":[{"embeddable":true,"href":"https:\/\/stmtires.com\/es\/wp-json\/wp\/v2\/media\/106569"}],"wp:attachment":[{"href":"https:\/\/stmtires.com\/es\/wp-json\/wp\/v2\/media?parent=190409"}],"wp:term":[{"taxonomy":"product_model","embeddable":true,"href":"https:\/\/stmtires.com\/es\/wp-json\/wp\/v2\/product_model?post=190409"},{"taxonomy":"product_brand","embeddable":true,"href":"https:\/\/stmtires.com\/es\/wp-json\/wp\/v2\/product_brand?post=190409"},{"taxonomy":"product_cat","embeddable":true,"href":"https:\/\/stmtires.com\/es\/wp-json\/wp\/v2\/product_cat?post=190409"},{"taxonomy":"product_tag","embeddable":true,"href":"https:\/\/stmtires.com\/es\/wp-json\/wp\/v2\/product_tag?post=190409"}],"curies":[{"name":"wp","href":"https:\/\/api.w.org\/{rel}","templated":true}]}}