{"id":190410,"date":"2022-05-12T14:20:45","date_gmt":"2022-05-12T19:20:45","guid":{"rendered":"https:\/\/website.dev.stmtires.com\/shop\/sin categor\u00eda\/33x12-50r15-dueler-h-t-d689\/"},"modified":"2022-05-12T14:20:45","modified_gmt":"2022-05-12T19:20:45","slug":"33x12-50r15-dueler-h-t-d689-2","status":"publish","type":"product","link":"https:\/\/stmtires.com\/es\/shop\/bridgestone-es\/33x12-50r15-dueler-h-t-d689-2\/","title":{"rendered":"33X12.50R15 DUELER H\/T (D689)"},"content":{"rendered":"<p>Neum\u00e1tico cami\u00f3n ligero \/ SUV de pasajeros de tracci\u00f3n en carretera para todas las estaciones. Neum\u00e1tico de equipo original (OE) en veh\u00edculos seleccionados.<\/p>\n","protected":false},"excerpt":{"rendered":"<p>Neum\u00e1tico cami\u00f3n ligero \/ SUV de pasajeros de tracci\u00f3n en carretera para todas las estaciones. Neum\u00e1tico de equipo original (OE) en veh\u00edculos seleccionados.<\/p>\n","protected":false},"featured_media":0,"comment_status":"open","ping_status":"closed","template":"","meta":{"_acf_changed":false,"subheading":[]},"product_model":[22836],"product_brand":[],"product_cat":[19241,19242,25986,19289,16265,19287,19316],"product_tag":[],"class_list":{"0":"post-190410","1":"product","2":"type-product","3":"status-publish","5":"product_model-dueler-h-t-689-es-2","6":"product_cat-camion-ligero-de-pasajeros-suv","7":"product_cat-equipo-original-oe","8":"product_cat-luz-de-pasajero","9":"product_cat-radial-es","10":"product_cat-radial","11":"product_cat-servicio-de-autopistas","12":"product_cat-todas-las-posiciones","13":"pa_tire-size-33x12-5r15-es","15":"first","16":"instock","17":"shipping-taxable","18":"purchasable","19":"product-type-simple"},"acf":[],"_links":{"self":[{"href":"https:\/\/stmtires.com\/es\/wp-json\/wp\/v2\/product\/190410","targetHints":{"allow":["GET"]}}],"collection":[{"href":"https:\/\/stmtires.com\/es\/wp-json\/wp\/v2\/product"}],"about":[{"href":"https:\/\/stmtires.com\/es\/wp-json\/wp\/v2\/types\/product"}],"replies":[{"embeddable":true,"href":"https:\/\/stmtires.com\/es\/wp-json\/wp\/v2\/comments?post=190410"}],"wp:attachment":[{"href":"https:\/\/stmtires.com\/es\/wp-json\/wp\/v2\/media?parent=190410"}],"wp:term":[{"taxonomy":"product_model","embeddable":true,"href":"https:\/\/stmtires.com\/es\/wp-json\/wp\/v2\/product_model?post=190410"},{"taxonomy":"product_brand","embeddable":true,"href":"https:\/\/stmtires.com\/es\/wp-json\/wp\/v2\/product_brand?post=190410"},{"taxonomy":"product_cat","embeddable":true,"href":"https:\/\/stmtires.com\/es\/wp-json\/wp\/v2\/product_cat?post=190410"},{"taxonomy":"product_tag","embeddable":true,"href":"https:\/\/stmtires.com\/es\/wp-json\/wp\/v2\/product_tag?post=190410"}],"curies":[{"name":"wp","href":"https:\/\/api.w.org\/{rel}","templated":true}]}}