{"id":190521,"date":"2022-05-12T15:59:37","date_gmt":"2022-05-12T20:59:37","guid":{"rendered":"https:\/\/website.dev.stmtires.com\/shop\/sin categor\u00eda\/33-25-29-32pr-tl-y67-e-3-aplicacion-especial-cp\/"},"modified":"2022-05-12T15:59:37","modified_gmt":"2022-05-12T20:59:37","slug":"33-25-29-32pr-tl-y67-e-3-special-application-cp-2","status":"publish","type":"product","link":"https:\/\/stmtires.com\/es\/shop\/yokohama\/33-25-29-32pr-tl-y67-e-3-special-application-cp-2\/","title":{"rendered":"33.25-29 32PR TL Y67 E-3 APLICACI\u00d3N ESPECIAL CP"},"content":{"rendered":"<p>OTR E-3 Bias Earthmover Rock Tread neum\u00e1tico dise\u00f1ado para aplicaciones especiales.<\/p>\n","protected":false},"excerpt":{"rendered":"<p>OTR E-3 Bias Earthmover Rock Tread neum\u00e1tico dise\u00f1ado para aplicaciones especiales.<\/p>\n","protected":false},"featured_media":0,"comment_status":"open","ping_status":"closed","template":"","meta":{"_acf_changed":false,"subheading":[]},"product_model":[25934],"product_brand":[54],"product_cat":[19313,19355,19253],"product_tag":[],"class_list":{"0":"post-190521","1":"product","2":"type-product","3":"status-publish","5":"product_model-y67-e-3-special-application-es","6":"product_brand-yokohama","7":"product_cat-mineria","8":"product_cat-predisposicion","9":"product_cat-uncategorized","10":"pa_tire-size-3325r29","12":"first","13":"instock","14":"shipping-taxable","15":"purchasable","16":"product-type-simple"},"acf":[],"_links":{"self":[{"href":"https:\/\/stmtires.com\/es\/wp-json\/wp\/v2\/product\/190521","targetHints":{"allow":["GET"]}}],"collection":[{"href":"https:\/\/stmtires.com\/es\/wp-json\/wp\/v2\/product"}],"about":[{"href":"https:\/\/stmtires.com\/es\/wp-json\/wp\/v2\/types\/product"}],"replies":[{"embeddable":true,"href":"https:\/\/stmtires.com\/es\/wp-json\/wp\/v2\/comments?post=190521"}],"wp:attachment":[{"href":"https:\/\/stmtires.com\/es\/wp-json\/wp\/v2\/media?parent=190521"}],"wp:term":[{"taxonomy":"product_model","embeddable":true,"href":"https:\/\/stmtires.com\/es\/wp-json\/wp\/v2\/product_model?post=190521"},{"taxonomy":"product_brand","embeddable":true,"href":"https:\/\/stmtires.com\/es\/wp-json\/wp\/v2\/product_brand?post=190521"},{"taxonomy":"product_cat","embeddable":true,"href":"https:\/\/stmtires.com\/es\/wp-json\/wp\/v2\/product_cat?post=190521"},{"taxonomy":"product_tag","embeddable":true,"href":"https:\/\/stmtires.com\/es\/wp-json\/wp\/v2\/product_tag?post=190521"}],"curies":[{"name":"wp","href":"https:\/\/api.w.org\/{rel}","templated":true}]}}